{"id":503,"date":"2017-09-29T14:37:58","date_gmt":"2017-09-29T12:37:58","guid":{"rendered":"https:\/\/numov.de\/?page_id=503"},"modified":"2025-11-20T12:16:16","modified_gmt":"2025-11-20T11:16:16","slug":"beirat","status":"publish","type":"page","link":"https:\/\/www.numov.de\/en\/beirat\/","title":{"rendered":"Advisory Board"},"content":{"rendered":"<p><strong>Martin Bay<\/strong><br \/>\nInhaber, MB Zeppelin<br \/>\nVorsitzender der Gesch\u00e4ftsf\u00fchrung, DB International GmbH a. D.<\/p>\n<p><strong>Michael Bock<\/strong><br \/>\nBotschafter, Ausw\u00e4rtiges Amt a.D.<\/p>\n<p><strong>Dr. Wolf-Ruthart Born<\/strong><br \/>\nStaatssekret\u00e4r, Ausw\u00e4rtiges Amt a.D.<br \/>\nBotschafter, Ausw\u00e4rtiges Amt a.D.<\/p>\n<p><strong>J\u00fcrgen Bubendey<\/strong><br \/>\nBotschafter, Ausw\u00e4rtiges Amt a.D.<\/p>\n<p><strong>Dr. Aly Masednah El-Kothany<\/strong><br \/>\nFormer Ambassador<\/p>\n<p><strong>Thomas Ellerbeck<\/strong><br \/>\nMitglied des Group Executive Committees, TUI Group<\/p>\n<p><strong>Bernd Erbel<\/strong><br \/>\nBotschafter, Ausw\u00e4rtiges Amt a.D.<\/p>\n<p><strong>Dieter Ernst<\/strong><br \/>\nStaatssekret\u00e4r, Ausw\u00e4rtiges Amt a.D.<\/p>\n<p><strong>Lothar Freischlader<\/strong><br \/>\nBotschafter, Ausw\u00e4rtiges Amt<\/p>\n<p><strong>Dr. Henryk Frystacki<\/strong><br \/>\nFormer Member of the Board, Siemens AG<\/p>\n<p><strong>Dietmar Gierse<\/strong><br \/>\nDeutsche Bank AG<\/p>\n<p><strong>Dr. Gabriela Guellil<\/strong><br \/>\nBotschafterin, Ausw\u00e4rtiges Amt<\/p>\n<p><strong>Stephan Hallmann<\/strong><br \/>\nZweites Deutsches Fernsehen (ZDF) a.D.<\/p>\n<p><strong>Sandra Halver-Simons<\/strong><br \/>\nGlobal Head Corporate and Export Finance, SMS group GmbH<\/p>\n<p><strong>Prof. Wolfgang Kenntemich<\/strong><br \/>\nChefredakteur Fernsehen, Mitteldeutscher Rundfunk (MDR) a.D.<\/p>\n<p><strong>Dr. Tilo Klinner<\/strong><br \/>\nBotschafter, Ausw\u00e4rtiges Amt a.D.<\/p>\n<p><strong>Dr. Norbert Kloppenburg<\/strong><br \/>\nMitglied des Vorstandes, KfW Bankengruppe a.D.<\/p>\n<p><strong>Dr. Hubert Lang<\/strong><br \/>\nBotschafter, Ausw\u00e4rtiges Amt a.D.<\/p>\n<p><strong>Dr. Eckhard L\u00fcbkemeier<\/strong><br \/>\nBotschafter, Ausw\u00e4rtiges Amt a.D.<\/p>\n<p><strong>Michael Ludwig<\/strong><br \/>\nLawyer<br \/>\nMitglied der Gesch\u00e4ftsf\u00fchrung, Verbundnetz Gas AG a.D.<\/p>\n<p><strong>Bernd M\u00fctzelburg<\/strong><br \/>\nBotschafter, Ausw\u00e4rtiges Amt a.D.<\/p>\n<p><strong>Dr. Cyrill Nunn<\/strong><br \/>\nBotschafter, Ausw\u00e4rtiges Amt a.D.<\/p>\n<p><strong>Dr. Bernd Pfaffenbach<\/strong><br \/>\nFormer Secretary of State<\/p>\n<p><strong>Bernhard von der Planitz<\/strong><br \/>\nProtokollchef, Ausw\u00e4rtiges Amt a.D.<\/p>\n<p><strong>Wolfgang Ramthor<\/strong><br \/>\nNiederlassungsleiter, Europe Arab Bank plc<\/p>\n<p><strong>J\u00f6rg Ranau<\/strong><br \/>\nBotschafter, Ausw\u00e4rtiges Amt a.D.<\/p>\n<p><strong>Prof. Dr. Gerhard Sabathil<\/strong><br \/>\nBotschafter, Europ\u00e4ische Union a.D.<\/p>\n<p><strong>Eberhard Schanze<\/strong><br \/>\nBotschafter, Ausw\u00e4rtiges Amt a.D.<\/p>\n<p><strong>Dr. Rainald Steck<\/strong><br \/>\nBotschafter, Ausw\u00e4rtiges Amt a.D.<\/p>\n<p><strong>Folkmar W.O. Stoecker<\/strong><br \/>\nBotschafter, Ausw\u00e4rtiges Amt a.D.<\/p>\n<p><strong>Matthias Wietbrock<br \/>\n<\/strong>Senior Manager of Buyers Credit, Qatar Development Bank<\/p>","protected":false},"excerpt":{"rendered":"<div class=\"mh-excerpt\"><p>Martin Bay Inhaber, MB Zeppelin Vorsitzender der Gesch\u00e4ftsf\u00fchrung, DB International GmbH a. D. Michael Bock Botschafter, Ausw\u00e4rtiges Amt a.D. Dr. Wolf-Ruthart Born Staatssekret\u00e4r, Ausw\u00e4rtiges Amt a.D. Botschafter, Ausw\u00e4rtiges Amt a.D. J\u00fcrgen Bubendey Botschafter, Ausw\u00e4rtiges Amt a.D. Dr. Aly Masednah El-Kothany Botschafter a.D. Thomas Ellerbeck Mitglied des Group Executive Committees, TUI Group Bernd Erbel Botschafter, Ausw\u00e4rtiges Amt a.D. Dieter Ernst Staatssekret\u00e4r, Ausw\u00e4rtiges Amt a.D. Lothar Freischlader Botschafter, Ausw\u00e4rtiges Amt Dr. Henryk Frystacki Mitglied des Vorstandes, Siemens AG a.D. Dietmar Gierse Deutsche Bank AG Dr. Gabriela Guellil Botschafterin, Ausw\u00e4rtiges Amt Stephan Hallmann Zweites Deutsches Fernsehen (ZDF) a.D. Sandra Halver-Simons Global Head Corporate and Export Finance, SMS group GmbH Prof. Wolfgang Kenntemich Chefredakteur Fernsehen, Mitteldeutscher Rundfunk (MDR) a.D. Dr. Tilo Klinner Botschafter, Ausw\u00e4rtiges Amt a.D. Dr. Norbert Kloppenburg Mitglied des Vorstandes, KfW Bankengruppe a.D. Dr. Hubert Lang Botschafter, Ausw\u00e4rtiges Amt a.D. Dr. Eckhard L\u00fcbkemeier Botschafter, Ausw\u00e4rtiges Amt a.D. Michael Ludwig Rechtsanwalt Mitglied der Gesch\u00e4ftsf\u00fchrung, Verbundnetz Gas AG a.D. Bernd M\u00fctzelburg Botschafter, Ausw\u00e4rtiges Amt a.D. Dr. Cyrill Nunn Botschafter, Ausw\u00e4rtiges Amt a.D. Dr. Bernd Pfaffenbach Staatssekret\u00e4r a.D. Bernhard von der Planitz Protokollchef, Ausw\u00e4rtiges Amt a.D. Wolfgang Ramthor Niederlassungsleiter, Europe Arab Bank plc J\u00f6rg Ranau Botschafter, Ausw\u00e4rtiges Amt a.D. Prof. Dr. Gerhard Sabathil Botschafter, Europ\u00e4ische Union a.D. Eberhard Schanze Botschafter, Ausw\u00e4rtiges Amt a.D. Dr. Rainald Steck Botschafter, Ausw\u00e4rtiges Amt a.D. Folkmar W.O. Stoecker Botschafter, Ausw\u00e4rtiges Amt a.D. Matthias Wietbrock Senior Manager of Buyers Credit, Qatar Development Bank<\/p>\n<\/div>","protected":false},"author":1,"featured_media":0,"parent":0,"menu_order":0,"comment_status":"closed","ping_status":"closed","template":"","meta":{"footnotes":""},"class_list":["post-503","page","type-page","status-publish"],"yoast_head":"<!-- This site is optimized with the Yoast SEO plugin v23.1 - https:\/\/yoast.com\/wordpress\/plugins\/seo\/ -->\n<title>Beirat - NUMOV \/ Nah- und Mittelost Verein e.V.<\/title>\n<meta name=\"robots\" content=\"index, follow, max-snippet:-1, max-image-preview:large, max-video-preview:-1\" \/>\n<link rel=\"canonical\" href=\"https:\/\/www.numov.de\/en\/beirat\/\" \/>\n<meta property=\"og:locale\" content=\"en_GB\" \/>\n<meta property=\"og:type\" content=\"article\" \/>\n<meta property=\"og:title\" content=\"Beirat - NUMOV \/ Nah- und Mittelost Verein e.V.\" \/>\n<meta property=\"og:description\" content=\"Martin Bay Inhaber, MB Zeppelin Vorsitzender der Gesch\u00e4ftsf\u00fchrung, DB International GmbH a. D. Michael Bock Botschafter, Ausw\u00e4rtiges Amt a.D. Dr. Wolf-Ruthart Born Staatssekret\u00e4r, Ausw\u00e4rtiges Amt a.D. Botschafter, Ausw\u00e4rtiges Amt a.D. J\u00fcrgen Bubendey Botschafter, Ausw\u00e4rtiges Amt a.D. Dr. Aly Masednah El-Kothany Botschafter a.D. Thomas Ellerbeck Mitglied des Group Executive Committees, TUI Group Bernd Erbel Botschafter, Ausw\u00e4rtiges Amt a.D. Dieter Ernst Staatssekret\u00e4r, Ausw\u00e4rtiges Amt a.D. Lothar Freischlader Botschafter, Ausw\u00e4rtiges Amt Dr. Henryk Frystacki Mitglied des Vorstandes, Siemens AG a.D. Dietmar Gierse Deutsche Bank AG Dr. Gabriela Guellil Botschafterin, Ausw\u00e4rtiges Amt Stephan Hallmann Zweites Deutsches Fernsehen (ZDF) a.D. Sandra Halver-Simons Global Head Corporate and Export Finance, SMS group GmbH Prof. Wolfgang Kenntemich Chefredakteur Fernsehen, Mitteldeutscher Rundfunk (MDR) a.D. Dr. Tilo Klinner Botschafter, Ausw\u00e4rtiges Amt a.D. Dr. Norbert Kloppenburg Mitglied des Vorstandes, KfW Bankengruppe a.D. Dr. Hubert Lang Botschafter, Ausw\u00e4rtiges Amt a.D. Dr. Eckhard L\u00fcbkemeier Botschafter, Ausw\u00e4rtiges Amt a.D. Michael Ludwig Rechtsanwalt Mitglied der Gesch\u00e4ftsf\u00fchrung, Verbundnetz Gas AG a.D. Bernd M\u00fctzelburg Botschafter, Ausw\u00e4rtiges Amt a.D. Dr. Cyrill Nunn Botschafter, Ausw\u00e4rtiges Amt a.D. Dr. Bernd Pfaffenbach Staatssekret\u00e4r a.D. Bernhard von der Planitz Protokollchef, Ausw\u00e4rtiges Amt a.D. Wolfgang Ramthor Niederlassungsleiter, Europe Arab Bank plc J\u00f6rg Ranau Botschafter, Ausw\u00e4rtiges Amt a.D. Prof. Dr. Gerhard Sabathil Botschafter, Europ\u00e4ische Union a.D. Eberhard Schanze Botschafter, Ausw\u00e4rtiges Amt a.D. Dr. Rainald Steck Botschafter, Ausw\u00e4rtiges Amt a.D. Folkmar W.O. Stoecker Botschafter, Ausw\u00e4rtiges Amt a.D. Matthias Wietbrock Senior Manager of Buyers Credit, Qatar Development Bank\" \/>\n<meta property=\"og:url\" content=\"https:\/\/www.numov.de\/en\/beirat\/\" \/>\n<meta property=\"og:site_name\" content=\"NUMOV \/ Nah- und Mittelost Verein e.V.\" \/>\n<meta property=\"article:publisher\" content=\"https:\/\/www.facebook.com\/NUMOV-Nah-und-Mittelost-Verein-eV-1951195151803346\/\" \/>\n<meta property=\"article:modified_time\" content=\"2025-11-20T11:16:16+00:00\" \/>\n<meta name=\"twitter:card\" content=\"summary_large_image\" \/>\n<meta name=\"twitter:site\" content=\"@NUMOVeV\" \/>\n<meta name=\"twitter:label1\" content=\"Estimated reading time\" \/>\n\t<meta name=\"twitter:data1\" content=\"2 minutes\" \/>\n<script type=\"application\/ld+json\" class=\"yoast-schema-graph\">{\"@context\":\"https:\/\/schema.org\",\"@graph\":[{\"@type\":\"WebPage\",\"@id\":\"https:\/\/www.numov.de\/beirat\/\",\"url\":\"https:\/\/www.numov.de\/beirat\/\",\"name\":\"Beirat - NUMOV \/ Nah- und Mittelost Verein e.V.\",\"isPartOf\":{\"@id\":\"https:\/\/www.numov.de\/#website\"},\"datePublished\":\"2017-09-29T12:37:58+00:00\",\"dateModified\":\"2025-11-20T11:16:16+00:00\",\"breadcrumb\":{\"@id\":\"https:\/\/www.numov.de\/beirat\/#breadcrumb\"},\"inLanguage\":\"en-GB\",\"potentialAction\":[{\"@type\":\"ReadAction\",\"target\":[\"https:\/\/www.numov.de\/beirat\/\"]}]},{\"@type\":\"BreadcrumbList\",\"@id\":\"https:\/\/www.numov.de\/beirat\/#breadcrumb\",\"itemListElement\":[{\"@type\":\"ListItem\",\"position\":1,\"name\":\"Startseite\",\"item\":\"https:\/\/www.numov.de\/\"},{\"@type\":\"ListItem\",\"position\":2,\"name\":\"Beirat\"}]},{\"@type\":\"WebSite\",\"@id\":\"https:\/\/www.numov.de\/#website\",\"url\":\"https:\/\/www.numov.de\/\",\"name\":\"NUMOV \/ Nah- und Mittelost Verein e.V.\",\"description\":\"NUMOV - IHR PARTNER UND DEUTSCHER INTERESSENSVERTRETER F\u00dcR DEN GESAMTEN NAHEN UND MITTLEREN OSTEN\",\"publisher\":{\"@id\":\"https:\/\/www.numov.de\/#organization\"},\"potentialAction\":[{\"@type\":\"SearchAction\",\"target\":{\"@type\":\"EntryPoint\",\"urlTemplate\":\"https:\/\/www.numov.de\/?s={search_term_string}\"},\"query-input\":\"required name=search_term_string\"}],\"inLanguage\":\"en-GB\"},{\"@type\":\"Organization\",\"@id\":\"https:\/\/www.numov.de\/#organization\",\"name\":\"NUMOV \/ Nah- und Mittelost Verein e.V.\",\"url\":\"https:\/\/www.numov.de\/\",\"logo\":{\"@type\":\"ImageObject\",\"inLanguage\":\"en-GB\",\"@id\":\"https:\/\/www.numov.de\/#\/schema\/logo\/image\/\",\"url\":\"https:\/\/www.numov.de\/wp-content\/uploads\/2018\/08\/NUMOV-Logo-Webseite-2.jpg\",\"contentUrl\":\"https:\/\/www.numov.de\/wp-content\/uploads\/2018\/08\/NUMOV-Logo-Webseite-2.jpg\",\"width\":350,\"height\":145,\"caption\":\"NUMOV \/ Nah- und Mittelost Verein e.V.\"},\"image\":{\"@id\":\"https:\/\/www.numov.de\/#\/schema\/logo\/image\/\"},\"sameAs\":[\"https:\/\/www.facebook.com\/NUMOV-Nah-und-Mittelost-Verein-eV-1951195151803346\/\",\"https:\/\/x.com\/NUMOVeV\",\"https:\/\/www.linkedin.com\/company\/numov\/\",\"https:\/\/www.youtube.com\/channel\/UCgfOP3vk0xgbvh-x6RE2Tew\",\"https:\/\/de.wikipedia.org\/wiki\/Nah-_und_Mittelost-Verein\"]}]}<\/script>\n<!-- \/ Yoast SEO plugin. -->","yoast_head_json":{"title":"Beirat - NUMOV \/ Nah- und Mittelost Verein e.V.","robots":{"index":"index","follow":"follow","max-snippet":"max-snippet:-1","max-image-preview":"max-image-preview:large","max-video-preview":"max-video-preview:-1"},"canonical":"https:\/\/www.numov.de\/en\/beirat\/","og_locale":"en_GB","og_type":"article","og_title":"Beirat - NUMOV \/ Nah- und Mittelost Verein e.V.","og_description":"Martin Bay Inhaber, MB Zeppelin Vorsitzender der Gesch\u00e4ftsf\u00fchrung, DB International GmbH a. D. Michael Bock Botschafter, Ausw\u00e4rtiges Amt a.D. Dr. Wolf-Ruthart Born Staatssekret\u00e4r, Ausw\u00e4rtiges Amt a.D. Botschafter, Ausw\u00e4rtiges Amt a.D. J\u00fcrgen Bubendey Botschafter, Ausw\u00e4rtiges Amt a.D. Dr. Aly Masednah El-Kothany Botschafter a.D. Thomas Ellerbeck Mitglied des Group Executive Committees, TUI Group Bernd Erbel Botschafter, Ausw\u00e4rtiges Amt a.D. Dieter Ernst Staatssekret\u00e4r, Ausw\u00e4rtiges Amt a.D. Lothar Freischlader Botschafter, Ausw\u00e4rtiges Amt Dr. Henryk Frystacki Mitglied des Vorstandes, Siemens AG a.D. Dietmar Gierse Deutsche Bank AG Dr. Gabriela Guellil Botschafterin, Ausw\u00e4rtiges Amt Stephan Hallmann Zweites Deutsches Fernsehen (ZDF) a.D. Sandra Halver-Simons Global Head Corporate and Export Finance, SMS group GmbH Prof. Wolfgang Kenntemich Chefredakteur Fernsehen, Mitteldeutscher Rundfunk (MDR) a.D. Dr. Tilo Klinner Botschafter, Ausw\u00e4rtiges Amt a.D. Dr. Norbert Kloppenburg Mitglied des Vorstandes, KfW Bankengruppe a.D. Dr. Hubert Lang Botschafter, Ausw\u00e4rtiges Amt a.D. Dr. Eckhard L\u00fcbkemeier Botschafter, Ausw\u00e4rtiges Amt a.D. Michael Ludwig Rechtsanwalt Mitglied der Gesch\u00e4ftsf\u00fchrung, Verbundnetz Gas AG a.D. Bernd M\u00fctzelburg Botschafter, Ausw\u00e4rtiges Amt a.D. Dr. Cyrill Nunn Botschafter, Ausw\u00e4rtiges Amt a.D. Dr. Bernd Pfaffenbach Staatssekret\u00e4r a.D. Bernhard von der Planitz Protokollchef, Ausw\u00e4rtiges Amt a.D. Wolfgang Ramthor Niederlassungsleiter, Europe Arab Bank plc J\u00f6rg Ranau Botschafter, Ausw\u00e4rtiges Amt a.D. Prof. Dr. Gerhard Sabathil Botschafter, Europ\u00e4ische Union a.D. Eberhard Schanze Botschafter, Ausw\u00e4rtiges Amt a.D. Dr. Rainald Steck Botschafter, Ausw\u00e4rtiges Amt a.D. Folkmar W.O. Stoecker Botschafter, Ausw\u00e4rtiges Amt a.D. Matthias Wietbrock Senior Manager of Buyers Credit, Qatar Development Bank","og_url":"https:\/\/www.numov.de\/en\/beirat\/","og_site_name":"NUMOV \/ Nah- und Mittelost Verein e.V.","article_publisher":"https:\/\/www.facebook.com\/NUMOV-Nah-und-Mittelost-Verein-eV-1951195151803346\/","article_modified_time":"2025-11-20T11:16:16+00:00","twitter_card":"summary_large_image","twitter_site":"@NUMOVeV","twitter_misc":{"Estimated reading time":"2 minutes"},"schema":{"@context":"https:\/\/schema.org","@graph":[{"@type":"WebPage","@id":"https:\/\/www.numov.de\/beirat\/","url":"https:\/\/www.numov.de\/beirat\/","name":"Beirat - NUMOV \/ Nah- und Mittelost Verein e.V.","isPartOf":{"@id":"https:\/\/www.numov.de\/#website"},"datePublished":"2017-09-29T12:37:58+00:00","dateModified":"2025-11-20T11:16:16+00:00","breadcrumb":{"@id":"https:\/\/www.numov.de\/beirat\/#breadcrumb"},"inLanguage":"en-GB","potentialAction":[{"@type":"ReadAction","target":["https:\/\/www.numov.de\/beirat\/"]}]},{"@type":"BreadcrumbList","@id":"https:\/\/www.numov.de\/beirat\/#breadcrumb","itemListElement":[{"@type":"ListItem","position":1,"name":"Startseite","item":"https:\/\/www.numov.de\/"},{"@type":"ListItem","position":2,"name":"Beirat"}]},{"@type":"WebSite","@id":"https:\/\/www.numov.de\/#website","url":"https:\/\/www.numov.de\/","name":"NUMOV \/ Nah- und Mittelost Verein e.V.","description":"NUMOV - IHR PARTNER UND DEUTSCHER INTERESSENSVERTRETER F\u00dcR DEN GESAMTEN NAHEN UND MITTLEREN OSTEN","publisher":{"@id":"https:\/\/www.numov.de\/#organization"},"potentialAction":[{"@type":"SearchAction","target":{"@type":"EntryPoint","urlTemplate":"https:\/\/www.numov.de\/?s={search_term_string}"},"query-input":"required name=search_term_string"}],"inLanguage":"en-GB"},{"@type":"Organization","@id":"https:\/\/www.numov.de\/#organization","name":"NUMOV \/ Nah- und Mittelost Verein e.V.","url":"https:\/\/www.numov.de\/","logo":{"@type":"ImageObject","inLanguage":"en-GB","@id":"https:\/\/www.numov.de\/#\/schema\/logo\/image\/","url":"https:\/\/www.numov.de\/wp-content\/uploads\/2018\/08\/NUMOV-Logo-Webseite-2.jpg","contentUrl":"https:\/\/www.numov.de\/wp-content\/uploads\/2018\/08\/NUMOV-Logo-Webseite-2.jpg","width":350,"height":145,"caption":"NUMOV \/ Nah- und Mittelost Verein e.V."},"image":{"@id":"https:\/\/www.numov.de\/#\/schema\/logo\/image\/"},"sameAs":["https:\/\/www.facebook.com\/NUMOV-Nah-und-Mittelost-Verein-eV-1951195151803346\/","https:\/\/x.com\/NUMOVeV","https:\/\/www.linkedin.com\/company\/numov\/","https:\/\/www.youtube.com\/channel\/UCgfOP3vk0xgbvh-x6RE2Tew","https:\/\/de.wikipedia.org\/wiki\/Nah-_und_Mittelost-Verein"]}]}},"_links":{"self":[{"href":"https:\/\/www.numov.de\/en\/wp-json\/wp\/v2\/pages\/503","targetHints":{"allow":["GET"]}}],"collection":[{"href":"https:\/\/www.numov.de\/en\/wp-json\/wp\/v2\/pages"}],"about":[{"href":"https:\/\/www.numov.de\/en\/wp-json\/wp\/v2\/types\/page"}],"author":[{"embeddable":true,"href":"https:\/\/www.numov.de\/en\/wp-json\/wp\/v2\/users\/1"}],"replies":[{"embeddable":true,"href":"https:\/\/www.numov.de\/en\/wp-json\/wp\/v2\/comments?post=503"}],"version-history":[{"count":72,"href":"https:\/\/www.numov.de\/en\/wp-json\/wp\/v2\/pages\/503\/revisions"}],"predecessor-version":[{"id":49794,"href":"https:\/\/www.numov.de\/en\/wp-json\/wp\/v2\/pages\/503\/revisions\/49794"}],"wp:attachment":[{"href":"https:\/\/www.numov.de\/en\/wp-json\/wp\/v2\/media?parent=503"}],"curies":[{"name":"wp","href":"https:\/\/api.w.org\/{rel}","templated":true}]}}