{"id":43562,"date":"2024-04-02T10:43:38","date_gmt":"2024-04-02T08:43:38","guid":{"rendered":"https:\/\/www.numov.de\/?page_id=43562"},"modified":"2024-04-02T10:46:03","modified_gmt":"2024-04-02T08:46:03","slug":"saudi-arabien-machinedge-veranstaltung-in-duesseldorf-am-18-april-2024","status":"publish","type":"page","link":"https:\/\/www.numov.de\/en\/saudi-arabien-machinedge-veranstaltung-in-duesseldorf-am-18-april-2024\/","title":{"rendered":"Saudi-Arabien: MachinEdge-Veranstaltung in D\u00fcsseldorf am 18. April 2024"},"content":{"rendered":"<p><strong><u>Saudi-Arabien: <\/u><\/strong><\/p>\n<p><strong><u>Einladung zur MachinEdge-Veranstaltung in D\u00fcsseldorf am 18. <\/u><\/strong><strong><u>April 2024<\/u><\/strong><\/p>\n<p>Liebe Mitglieder, sehr geehrte Damen und Herren,<\/p>\n<p>Das National Industrial Development Center (NIDC), das zum Ministeriums f\u00fcr Industrie und Mineralien Saudi-Arabiens geh\u00f6rt, hat eine Initiative gestartet, um die Produktion in Saudi-Arabien anzukurbeln und lokale sowie internationale Unternehmen zu unterst\u00fctzen.<\/p>\n<p>Unter dem Investitionsthema \u201eInvest Saudi\u201c veranstaltet das NIDC die MachineEdge Germany mit Schwerpunkt auf Maschinen- und Anlagen sowie Energiesektor.<\/p>\n<p>Die Veranstaltung findet am <strong>18. April 2024, 09:00-16:00 Uhr im Industrie-Club D\u00fcsseldorf, Elberfelder Str. 6, 40213 D\u00fcsseldorf<\/strong>, statt.<\/p>\n<p>Themen sind u.a.:<\/p>\n<ul>\n<li>\u00dcberblick \u00fcber die Nationale Industriestrategie (NIS) und die Maschinen- und Ausr\u00fcstungsstrategie (M&amp;E) sowie Investitionsm\u00f6glichkeiten im Rahmen der Vision 2030<\/li>\n<li>M&amp;E-Unterst\u00fctzungs\u00fcbersicht f\u00fcr Investoren: \u00dcbersicht \u00fcber die Unterst\u00fctzung, die von staatlichen Stellen wie z.B. MIM (Politik und Regulierung), Ministerium f\u00fcr Investitionen (Investitionsunterst\u00fctzung), NIDC (Industrieunternehmen), SIDF (Finanzierungsunternehmen), LCGPA (Lokale Content-Unternehmen) und MODON (Land-\/Fabrikanbieter)<\/li>\n<li>Exklusive Joint Ventures und Partnerschaften: M\u00f6glichkeit zur Bildung exklusiver Joint Ventures und Partnerschaften mit deutschen und europ\u00e4ischen Unternehmen in den Bereichen Technologie, Forschung und Entwicklung, Projekte, Talente und Investitionen.<\/li>\n<li>\u00dcbersicht \u00fcber ausl\u00e4ndische Direktinvestitionen: M\u00f6glichkeit zur Bildung von Beteiligungspartnerschaften mit lokalen Unternehmen und Familiengruppen aus Deutschland<br \/>\nund Saudi-Arabien<\/li>\n<li>\u00dcbersicht \u00fcber Vormachbarkeitsstudien und Anreize: ~50 Investitionsm\u00f6glichkeiten, Investitionsunterst\u00fctzung von NIDC, Anreizpakete, KSA M&amp;E-Markt usw.<\/li>\n<\/ul>\n<h4>Bei Interesse an einer Teilnahme melden Sie sich gerne direkt <strong><a href=\"https:\/\/forms.office.com\/Pages\/ResponsePage.aspx?id=7UXGXX8pyk2wryM5xxxTiJprN-S1PJtAq8nhKdXpjqdURTQ0UUtWOFlXWEZUUTAxNllJQUkxTFI3VyQlQCN0PWcu\">here<\/a><\/strong> an.<\/h4>","protected":false},"excerpt":{"rendered":"<div class=\"mh-excerpt\"><p>Saudi-Arabien: Einladung zur MachinEdge-Veranstaltung in D\u00fcsseldorf am 18. April 2024 Liebe Mitglieder, sehr geehrte Damen und Herren, Das National Industrial Development Center (NIDC), das zum Ministeriums f\u00fcr Industrie und Mineralien Saudi-Arabiens geh\u00f6rt, hat eine Initiative gestartet, um die Produktion in Saudi-Arabien anzukurbeln und lokale sowie internationale Unternehmen zu unterst\u00fctzen. Unter dem Investitionsthema \u201eInvest Saudi\u201c veranstaltet das NIDC die MachineEdge Germany mit Schwerpunkt auf Maschinen- und Anlagen sowie Energiesektor. Die Veranstaltung findet am 18. April 2024, 09:00-16:00 Uhr im Industrie-Club D\u00fcsseldorf, Elberfelder Str. 6, 40213 D\u00fcsseldorf, statt. Themen sind u.a.: \u00dcberblick \u00fcber die Nationale Industriestrategie (NIS) und die Maschinen- und Ausr\u00fcstungsstrategie (M&amp;E) sowie Investitionsm\u00f6glichkeiten im Rahmen der Vision 2030 M&amp;E-Unterst\u00fctzungs\u00fcbersicht f\u00fcr Investoren: \u00dcbersicht \u00fcber die Unterst\u00fctzung, die von staatlichen Stellen wie z.B. MIM (Politik und Regulierung), Ministerium f\u00fcr Investitionen (Investitionsunterst\u00fctzung), NIDC (Industrieunternehmen), SIDF (Finanzierungsunternehmen), LCGPA (Lokale Content-Unternehmen) und MODON (Land-\/Fabrikanbieter) Exklusive Joint Ventures und Partnerschaften: M\u00f6glichkeit zur Bildung exklusiver Joint Ventures und Partnerschaften mit deutschen und europ\u00e4ischen Unternehmen in den Bereichen Technologie, Forschung und Entwicklung, Projekte, Talente und Investitionen. \u00dcbersicht \u00fcber ausl\u00e4ndische Direktinvestitionen: M\u00f6glichkeit zur Bildung von Beteiligungspartnerschaften mit lokalen Unternehmen und Familiengruppen aus Deutschland und Saudi-Arabien \u00dcbersicht \u00fcber Vormachbarkeitsstudien und Anreize: ~50 Investitionsm\u00f6glichkeiten, Investitionsunterst\u00fctzung von NIDC, Anreizpakete, KSA M&amp;E-Markt usw. Bei Interesse an einer Teilnahme melden Sie sich gerne direkt hier an.<\/p>\n<\/div>","protected":false},"author":1,"featured_media":0,"parent":0,"menu_order":0,"comment_status":"closed","ping_status":"closed","template":"","meta":{"footnotes":""},"class_list":["post-43562","page","type-page","status-publish"],"yoast_head":"<!-- This site is optimized with the Yoast SEO plugin v23.1 - https:\/\/yoast.com\/wordpress\/plugins\/seo\/ -->\n<title>Saudi-Arabien: MachinEdge-Veranstaltung in D\u00fcsseldorf am 18. April 2024 - NUMOV \/ Nah- und Mittelost Verein e.V.<\/title>\n<meta name=\"robots\" content=\"index, follow, max-snippet:-1, max-image-preview:large, max-video-preview:-1\" \/>\n<link rel=\"canonical\" href=\"https:\/\/www.numov.de\/en\/saudi-arabien-machinedge-veranstaltung-in-duesseldorf-am-18-april-2024\/\" \/>\n<meta property=\"og:locale\" content=\"en_GB\" \/>\n<meta property=\"og:type\" content=\"article\" \/>\n<meta property=\"og:title\" content=\"Saudi-Arabien: MachinEdge-Veranstaltung in D\u00fcsseldorf am 18. April 2024 - NUMOV \/ Nah- und Mittelost Verein e.V.\" \/>\n<meta property=\"og:description\" content=\"Saudi-Arabien: Einladung zur MachinEdge-Veranstaltung in D\u00fcsseldorf am 18. April 2024 Liebe Mitglieder, sehr geehrte Damen und Herren, Das National Industrial Development Center (NIDC), das zum Ministeriums f\u00fcr Industrie und Mineralien Saudi-Arabiens geh\u00f6rt, hat eine Initiative gestartet, um die Produktion in Saudi-Arabien anzukurbeln und lokale sowie internationale Unternehmen zu unterst\u00fctzen. Unter dem Investitionsthema \u201eInvest Saudi\u201c veranstaltet das NIDC die MachineEdge Germany mit Schwerpunkt auf Maschinen- und Anlagen sowie Energiesektor. Die Veranstaltung findet am 18. April 2024, 09:00-16:00 Uhr im Industrie-Club D\u00fcsseldorf, Elberfelder Str. 6, 40213 D\u00fcsseldorf, statt. Themen sind u.a.: \u00dcberblick \u00fcber die Nationale Industriestrategie (NIS) und die Maschinen- und Ausr\u00fcstungsstrategie (M&amp;E) sowie Investitionsm\u00f6glichkeiten im Rahmen der Vision 2030 M&amp;E-Unterst\u00fctzungs\u00fcbersicht f\u00fcr Investoren: \u00dcbersicht \u00fcber die Unterst\u00fctzung, die von staatlichen Stellen wie z.B. MIM (Politik und Regulierung), Ministerium f\u00fcr Investitionen (Investitionsunterst\u00fctzung), NIDC (Industrieunternehmen), SIDF (Finanzierungsunternehmen), LCGPA (Lokale Content-Unternehmen) und MODON (Land-\/Fabrikanbieter) Exklusive Joint Ventures und Partnerschaften: M\u00f6glichkeit zur Bildung exklusiver Joint Ventures und Partnerschaften mit deutschen und europ\u00e4ischen Unternehmen in den Bereichen Technologie, Forschung und Entwicklung, Projekte, Talente und Investitionen. \u00dcbersicht \u00fcber ausl\u00e4ndische Direktinvestitionen: M\u00f6glichkeit zur Bildung von Beteiligungspartnerschaften mit lokalen Unternehmen und Familiengruppen aus Deutschland und Saudi-Arabien \u00dcbersicht \u00fcber Vormachbarkeitsstudien und Anreize: ~50 Investitionsm\u00f6glichkeiten, Investitionsunterst\u00fctzung von NIDC, Anreizpakete, KSA M&amp;E-Markt usw. Bei Interesse an einer Teilnahme melden Sie sich gerne direkt hier an.\" \/>\n<meta property=\"og:url\" content=\"https:\/\/www.numov.de\/en\/saudi-arabien-machinedge-veranstaltung-in-duesseldorf-am-18-april-2024\/\" \/>\n<meta property=\"og:site_name\" content=\"NUMOV \/ Nah- und Mittelost Verein e.V.\" \/>\n<meta property=\"article:publisher\" content=\"https:\/\/www.facebook.com\/NUMOV-Nah-und-Mittelost-Verein-eV-1951195151803346\/\" \/>\n<meta property=\"article:modified_time\" content=\"2024-04-02T08:46:03+00:00\" \/>\n<meta name=\"twitter:card\" content=\"summary_large_image\" \/>\n<meta name=\"twitter:site\" content=\"@NUMOVeV\" \/>\n<meta name=\"twitter:label1\" content=\"Estimated reading time\" \/>\n\t<meta name=\"twitter:data1\" content=\"1 minute\" \/>\n<script type=\"application\/ld+json\" class=\"yoast-schema-graph\">{\"@context\":\"https:\/\/schema.org\",\"@graph\":[{\"@type\":\"WebPage\",\"@id\":\"https:\/\/www.numov.de\/saudi-arabien-machinedge-veranstaltung-in-duesseldorf-am-18-april-2024\/\",\"url\":\"https:\/\/www.numov.de\/saudi-arabien-machinedge-veranstaltung-in-duesseldorf-am-18-april-2024\/\",\"name\":\"Saudi-Arabien: MachinEdge-Veranstaltung in D\u00fcsseldorf am 18. April 2024 - NUMOV \/ Nah- und Mittelost Verein e.V.\",\"isPartOf\":{\"@id\":\"https:\/\/www.numov.de\/#website\"},\"datePublished\":\"2024-04-02T08:43:38+00:00\",\"dateModified\":\"2024-04-02T08:46:03+00:00\",\"breadcrumb\":{\"@id\":\"https:\/\/www.numov.de\/saudi-arabien-machinedge-veranstaltung-in-duesseldorf-am-18-april-2024\/#breadcrumb\"},\"inLanguage\":\"en-GB\",\"potentialAction\":[{\"@type\":\"ReadAction\",\"target\":[\"https:\/\/www.numov.de\/saudi-arabien-machinedge-veranstaltung-in-duesseldorf-am-18-april-2024\/\"]}]},{\"@type\":\"BreadcrumbList\",\"@id\":\"https:\/\/www.numov.de\/saudi-arabien-machinedge-veranstaltung-in-duesseldorf-am-18-april-2024\/#breadcrumb\",\"itemListElement\":[{\"@type\":\"ListItem\",\"position\":1,\"name\":\"Startseite\",\"item\":\"https:\/\/www.numov.de\/\"},{\"@type\":\"ListItem\",\"position\":2,\"name\":\"Saudi-Arabien: MachinEdge-Veranstaltung in D\u00fcsseldorf am 18. April 2024\"}]},{\"@type\":\"WebSite\",\"@id\":\"https:\/\/www.numov.de\/#website\",\"url\":\"https:\/\/www.numov.de\/\",\"name\":\"NUMOV \/ Nah- und Mittelost Verein e.V.\",\"description\":\"NUMOV - IHR PARTNER UND DEUTSCHER INTERESSENSVERTRETER F\u00dcR DEN GESAMTEN NAHEN UND MITTLEREN OSTEN\",\"publisher\":{\"@id\":\"https:\/\/www.numov.de\/#organization\"},\"potentialAction\":[{\"@type\":\"SearchAction\",\"target\":{\"@type\":\"EntryPoint\",\"urlTemplate\":\"https:\/\/www.numov.de\/?s={search_term_string}\"},\"query-input\":\"required name=search_term_string\"}],\"inLanguage\":\"en-GB\"},{\"@type\":\"Organization\",\"@id\":\"https:\/\/www.numov.de\/#organization\",\"name\":\"NUMOV \/ Nah- und Mittelost Verein e.V.\",\"url\":\"https:\/\/www.numov.de\/\",\"logo\":{\"@type\":\"ImageObject\",\"inLanguage\":\"en-GB\",\"@id\":\"https:\/\/www.numov.de\/#\/schema\/logo\/image\/\",\"url\":\"https:\/\/www.numov.de\/wp-content\/uploads\/2018\/08\/NUMOV-Logo-Webseite-2.jpg\",\"contentUrl\":\"https:\/\/www.numov.de\/wp-content\/uploads\/2018\/08\/NUMOV-Logo-Webseite-2.jpg\",\"width\":350,\"height\":145,\"caption\":\"NUMOV \/ Nah- und Mittelost Verein e.V.\"},\"image\":{\"@id\":\"https:\/\/www.numov.de\/#\/schema\/logo\/image\/\"},\"sameAs\":[\"https:\/\/www.facebook.com\/NUMOV-Nah-und-Mittelost-Verein-eV-1951195151803346\/\",\"https:\/\/x.com\/NUMOVeV\",\"https:\/\/www.linkedin.com\/company\/numov\/\",\"https:\/\/www.youtube.com\/channel\/UCgfOP3vk0xgbvh-x6RE2Tew\",\"https:\/\/de.wikipedia.org\/wiki\/Nah-_und_Mittelost-Verein\"]}]}<\/script>\n<!-- \/ Yoast SEO plugin. -->","yoast_head_json":{"title":"Saudi-Arabien: MachinEdge-Veranstaltung in D\u00fcsseldorf am 18. April 2024 - NUMOV \/ Nah- und Mittelost Verein e.V.","robots":{"index":"index","follow":"follow","max-snippet":"max-snippet:-1","max-image-preview":"max-image-preview:large","max-video-preview":"max-video-preview:-1"},"canonical":"https:\/\/www.numov.de\/en\/saudi-arabien-machinedge-veranstaltung-in-duesseldorf-am-18-april-2024\/","og_locale":"en_GB","og_type":"article","og_title":"Saudi-Arabien: MachinEdge-Veranstaltung in D\u00fcsseldorf am 18. April 2024 - NUMOV \/ Nah- und Mittelost Verein e.V.","og_description":"Saudi-Arabien: Einladung zur MachinEdge-Veranstaltung in D\u00fcsseldorf am 18. April 2024 Liebe Mitglieder, sehr geehrte Damen und Herren, Das National Industrial Development Center (NIDC), das zum Ministeriums f\u00fcr Industrie und Mineralien Saudi-Arabiens geh\u00f6rt, hat eine Initiative gestartet, um die Produktion in Saudi-Arabien anzukurbeln und lokale sowie internationale Unternehmen zu unterst\u00fctzen. Unter dem Investitionsthema \u201eInvest Saudi\u201c veranstaltet das NIDC die MachineEdge Germany mit Schwerpunkt auf Maschinen- und Anlagen sowie Energiesektor. Die Veranstaltung findet am 18. April 2024, 09:00-16:00 Uhr im Industrie-Club D\u00fcsseldorf, Elberfelder Str. 6, 40213 D\u00fcsseldorf, statt. Themen sind u.a.: \u00dcberblick \u00fcber die Nationale Industriestrategie (NIS) und die Maschinen- und Ausr\u00fcstungsstrategie (M&amp;E) sowie Investitionsm\u00f6glichkeiten im Rahmen der Vision 2030 M&amp;E-Unterst\u00fctzungs\u00fcbersicht f\u00fcr Investoren: \u00dcbersicht \u00fcber die Unterst\u00fctzung, die von staatlichen Stellen wie z.B. MIM (Politik und Regulierung), Ministerium f\u00fcr Investitionen (Investitionsunterst\u00fctzung), NIDC (Industrieunternehmen), SIDF (Finanzierungsunternehmen), LCGPA (Lokale Content-Unternehmen) und MODON (Land-\/Fabrikanbieter) Exklusive Joint Ventures und Partnerschaften: M\u00f6glichkeit zur Bildung exklusiver Joint Ventures und Partnerschaften mit deutschen und europ\u00e4ischen Unternehmen in den Bereichen Technologie, Forschung und Entwicklung, Projekte, Talente und Investitionen. \u00dcbersicht \u00fcber ausl\u00e4ndische Direktinvestitionen: M\u00f6glichkeit zur Bildung von Beteiligungspartnerschaften mit lokalen Unternehmen und Familiengruppen aus Deutschland und Saudi-Arabien \u00dcbersicht \u00fcber Vormachbarkeitsstudien und Anreize: ~50 Investitionsm\u00f6glichkeiten, Investitionsunterst\u00fctzung von NIDC, Anreizpakete, KSA M&amp;E-Markt usw. Bei Interesse an einer Teilnahme melden Sie sich gerne direkt hier an.","og_url":"https:\/\/www.numov.de\/en\/saudi-arabien-machinedge-veranstaltung-in-duesseldorf-am-18-april-2024\/","og_site_name":"NUMOV \/ Nah- und Mittelost Verein e.V.","article_publisher":"https:\/\/www.facebook.com\/NUMOV-Nah-und-Mittelost-Verein-eV-1951195151803346\/","article_modified_time":"2024-04-02T08:46:03+00:00","twitter_card":"summary_large_image","twitter_site":"@NUMOVeV","twitter_misc":{"Estimated reading time":"1 minute"},"schema":{"@context":"https:\/\/schema.org","@graph":[{"@type":"WebPage","@id":"https:\/\/www.numov.de\/saudi-arabien-machinedge-veranstaltung-in-duesseldorf-am-18-april-2024\/","url":"https:\/\/www.numov.de\/saudi-arabien-machinedge-veranstaltung-in-duesseldorf-am-18-april-2024\/","name":"Saudi-Arabien: MachinEdge-Veranstaltung in D\u00fcsseldorf am 18. April 2024 - NUMOV \/ Nah- und Mittelost Verein e.V.","isPartOf":{"@id":"https:\/\/www.numov.de\/#website"},"datePublished":"2024-04-02T08:43:38+00:00","dateModified":"2024-04-02T08:46:03+00:00","breadcrumb":{"@id":"https:\/\/www.numov.de\/saudi-arabien-machinedge-veranstaltung-in-duesseldorf-am-18-april-2024\/#breadcrumb"},"inLanguage":"en-GB","potentialAction":[{"@type":"ReadAction","target":["https:\/\/www.numov.de\/saudi-arabien-machinedge-veranstaltung-in-duesseldorf-am-18-april-2024\/"]}]},{"@type":"BreadcrumbList","@id":"https:\/\/www.numov.de\/saudi-arabien-machinedge-veranstaltung-in-duesseldorf-am-18-april-2024\/#breadcrumb","itemListElement":[{"@type":"ListItem","position":1,"name":"Startseite","item":"https:\/\/www.numov.de\/"},{"@type":"ListItem","position":2,"name":"Saudi-Arabien: MachinEdge-Veranstaltung in D\u00fcsseldorf am 18. April 2024"}]},{"@type":"WebSite","@id":"https:\/\/www.numov.de\/#website","url":"https:\/\/www.numov.de\/","name":"NUMOV \/ Nah- und Mittelost Verein e.V.","description":"NUMOV - IHR PARTNER UND DEUTSCHER INTERESSENSVERTRETER F\u00dcR DEN GESAMTEN NAHEN UND MITTLEREN OSTEN","publisher":{"@id":"https:\/\/www.numov.de\/#organization"},"potentialAction":[{"@type":"SearchAction","target":{"@type":"EntryPoint","urlTemplate":"https:\/\/www.numov.de\/?s={search_term_string}"},"query-input":"required name=search_term_string"}],"inLanguage":"en-GB"},{"@type":"Organization","@id":"https:\/\/www.numov.de\/#organization","name":"NUMOV \/ Nah- und Mittelost Verein e.V.","url":"https:\/\/www.numov.de\/","logo":{"@type":"ImageObject","inLanguage":"en-GB","@id":"https:\/\/www.numov.de\/#\/schema\/logo\/image\/","url":"https:\/\/www.numov.de\/wp-content\/uploads\/2018\/08\/NUMOV-Logo-Webseite-2.jpg","contentUrl":"https:\/\/www.numov.de\/wp-content\/uploads\/2018\/08\/NUMOV-Logo-Webseite-2.jpg","width":350,"height":145,"caption":"NUMOV \/ Nah- und Mittelost Verein e.V."},"image":{"@id":"https:\/\/www.numov.de\/#\/schema\/logo\/image\/"},"sameAs":["https:\/\/www.facebook.com\/NUMOV-Nah-und-Mittelost-Verein-eV-1951195151803346\/","https:\/\/x.com\/NUMOVeV","https:\/\/www.linkedin.com\/company\/numov\/","https:\/\/www.youtube.com\/channel\/UCgfOP3vk0xgbvh-x6RE2Tew","https:\/\/de.wikipedia.org\/wiki\/Nah-_und_Mittelost-Verein"]}]}},"_links":{"self":[{"href":"https:\/\/www.numov.de\/en\/wp-json\/wp\/v2\/pages\/43562","targetHints":{"allow":["GET"]}}],"collection":[{"href":"https:\/\/www.numov.de\/en\/wp-json\/wp\/v2\/pages"}],"about":[{"href":"https:\/\/www.numov.de\/en\/wp-json\/wp\/v2\/types\/page"}],"author":[{"embeddable":true,"href":"https:\/\/www.numov.de\/en\/wp-json\/wp\/v2\/users\/1"}],"replies":[{"embeddable":true,"href":"https:\/\/www.numov.de\/en\/wp-json\/wp\/v2\/comments?post=43562"}],"version-history":[{"count":3,"href":"https:\/\/www.numov.de\/en\/wp-json\/wp\/v2\/pages\/43562\/revisions"}],"predecessor-version":[{"id":43566,"href":"https:\/\/www.numov.de\/en\/wp-json\/wp\/v2\/pages\/43562\/revisions\/43566"}],"wp:attachment":[{"href":"https:\/\/www.numov.de\/en\/wp-json\/wp\/v2\/media?parent=43562"}],"curies":[{"name":"wp","href":"https:\/\/api.w.org\/{rel}","templated":true}]}}