{"id":43031,"date":"2023-09-15T16:25:23","date_gmt":"2023-09-15T14:25:23","guid":{"rendered":"https:\/\/www.numov.de\/?page_id=43031"},"modified":"2023-09-18T13:23:33","modified_gmt":"2023-09-18T11:23:33","slug":"bfaa-15th-september-2023","status":"publish","type":"page","link":"https:\/\/www.numov.de\/en\/bfaa-15th-september-2023\/","title":{"rendered":"Pr\u00e4sentationen und Video \u2013 Informationsveranstaltung \u201eWas macht das Bundesamt f\u00fcr Ausw\u00e4rtige Angelegenheiten, BfAA?\u201c am 15. September 2023"},"content":{"rendered":"<h3>Presentations<\/h3>\r\n<p><a href=\"https:\/\/www.numov.de\/wp-content\/uploads\/2023\/09\/BFAA.pdf\" target=\"_blank\" rel=\"noopener\">Bundesamt f\u00fcr Ausw\u00e4rtige Angelegenheiten (BfAA): Fakten<\/a><br \/><br \/><a href=\"https:\/\/www.numov.de\/wp-content\/uploads\/2023\/09\/Organisationsplan-BfAA_Intranet_Stand-10.07.2023.pdf\" target=\"_blank\" rel=\"noopener\">Organisationsplan des Bundesamtes f\u00fcr Ausw\u00e4rtige Angelegenheiten<\/a><\/p>\r\n<!-- \/wp:post-content -->\r\n\r\n<!-- wp:shortcode --><hr class=\"wp-block-separator\" \/>\r\n<h3>Video<\/h3>\r\n<div style=\"width: 788px;\" class=\"wp-video\"><video class=\"wp-video-shortcode\" id=\"video-43031-1\" width=\"788\" height=\"430\" poster=\"https:\/\/www.numov-tv.de\/wp-content\/uploads\/2023\/09\/BFAA-15th-September-2023.jpg\" controls=\"controls\"><source type=\"video\/mp4\" src=\"\/wp-content\/uploads\/2023\/09\/BFAA-15th-September-2023.mp4?_=1\" \/><a href=\"\/wp-content\/uploads\/2023\/09\/BFAA-15th-September-2023.mp4\">\/wp-content\/uploads\/2023\/09\/BFAA-15th-September-2023.mp4<\/a><\/video><\/div>\r\n<!-- \/wp:shortcode -->\r\n<p>&nbsp;<\/p>","protected":false},"excerpt":{"rendered":"<div class=\"mh-excerpt\"><p>Pr\u00e4sentationen Bundesamt f\u00fcr Ausw\u00e4rtige Angelegenheiten (BfAA): Fakten Organisationsplan des Bundesamtes f\u00fcr Ausw\u00e4rtige Angelegenheiten Video &nbsp;<\/p>\n<\/div>","protected":false},"author":1,"featured_media":0,"parent":0,"menu_order":0,"comment_status":"closed","ping_status":"closed","template":"","meta":{"footnotes":""},"class_list":["post-43031","page","type-page","status-publish"],"yoast_head":"<!-- This site is optimized with the Yoast SEO plugin v23.1 - https:\/\/yoast.com\/wordpress\/plugins\/seo\/ -->\n<title>Pr\u00e4sentationen und Video \u2013 Informationsveranstaltung \u201eWas macht das Bundesamt f\u00fcr Ausw\u00e4rtige Angelegenheiten, BfAA?\u201c am 15. September 2023 - NUMOV \/ Nah- und Mittelost Verein e.V.<\/title>\n<meta name=\"robots\" content=\"index, follow, max-snippet:-1, max-image-preview:large, max-video-preview:-1\" \/>\n<link rel=\"canonical\" href=\"https:\/\/www.numov.de\/en\/bfaa-15th-september-2023\/\" \/>\n<meta property=\"og:locale\" content=\"en_GB\" \/>\n<meta property=\"og:type\" content=\"article\" \/>\n<meta property=\"og:title\" content=\"Pr\u00e4sentationen und Video \u2013 Informationsveranstaltung \u201eWas macht das Bundesamt f\u00fcr Ausw\u00e4rtige Angelegenheiten, BfAA?\u201c am 15. September 2023 - NUMOV \/ Nah- und Mittelost Verein e.V.\" \/>\n<meta property=\"og:description\" content=\"Pr\u00e4sentationen Bundesamt f\u00fcr Ausw\u00e4rtige Angelegenheiten (BfAA): Fakten Organisationsplan des Bundesamtes f\u00fcr Ausw\u00e4rtige Angelegenheiten Video &nbsp;\" \/>\n<meta property=\"og:url\" content=\"https:\/\/www.numov.de\/en\/bfaa-15th-september-2023\/\" \/>\n<meta property=\"og:site_name\" content=\"NUMOV \/ Nah- und Mittelost Verein e.V.\" \/>\n<meta property=\"article:publisher\" content=\"https:\/\/www.facebook.com\/NUMOV-Nah-und-Mittelost-Verein-eV-1951195151803346\/\" \/>\n<meta property=\"article:modified_time\" content=\"2023-09-18T11:23:33+00:00\" \/>\n<meta name=\"twitter:card\" content=\"summary_large_image\" \/>\n<meta name=\"twitter:site\" content=\"@NUMOVeV\" \/>\n<meta name=\"twitter:label1\" content=\"Estimated reading time\" \/>\n\t<meta name=\"twitter:data1\" content=\"1 minute\" \/>\n<script type=\"application\/ld+json\" class=\"yoast-schema-graph\">{\"@context\":\"https:\/\/schema.org\",\"@graph\":[{\"@type\":\"WebPage\",\"@id\":\"https:\/\/www.numov.de\/bfaa-15th-september-2023\/\",\"url\":\"https:\/\/www.numov.de\/bfaa-15th-september-2023\/\",\"name\":\"Pr\u00e4sentationen und Video \u2013 Informationsveranstaltung \u201eWas macht das Bundesamt f\u00fcr Ausw\u00e4rtige Angelegenheiten, BfAA?\u201c am 15. September 2023 - NUMOV \/ Nah- und Mittelost Verein e.V.\",\"isPartOf\":{\"@id\":\"https:\/\/www.numov.de\/#website\"},\"datePublished\":\"2023-09-15T14:25:23+00:00\",\"dateModified\":\"2023-09-18T11:23:33+00:00\",\"breadcrumb\":{\"@id\":\"https:\/\/www.numov.de\/bfaa-15th-september-2023\/#breadcrumb\"},\"inLanguage\":\"en-GB\",\"potentialAction\":[{\"@type\":\"ReadAction\",\"target\":[\"https:\/\/www.numov.de\/bfaa-15th-september-2023\/\"]}]},{\"@type\":\"BreadcrumbList\",\"@id\":\"https:\/\/www.numov.de\/bfaa-15th-september-2023\/#breadcrumb\",\"itemListElement\":[{\"@type\":\"ListItem\",\"position\":1,\"name\":\"Startseite\",\"item\":\"https:\/\/www.numov.de\/\"},{\"@type\":\"ListItem\",\"position\":2,\"name\":\"Pr\u00e4sentationen und Video \u2013 Informationsveranstaltung \u201eWas macht das Bundesamt f\u00fcr Ausw\u00e4rtige Angelegenheiten, BfAA?\u201c am 15. September 2023\"}]},{\"@type\":\"WebSite\",\"@id\":\"https:\/\/www.numov.de\/#website\",\"url\":\"https:\/\/www.numov.de\/\",\"name\":\"NUMOV \/ Nah- und Mittelost Verein e.V.\",\"description\":\"NUMOV - IHR PARTNER UND DEUTSCHER INTERESSENSVERTRETER F\u00dcR DEN GESAMTEN NAHEN UND MITTLEREN OSTEN\",\"publisher\":{\"@id\":\"https:\/\/www.numov.de\/#organization\"},\"potentialAction\":[{\"@type\":\"SearchAction\",\"target\":{\"@type\":\"EntryPoint\",\"urlTemplate\":\"https:\/\/www.numov.de\/?s={search_term_string}\"},\"query-input\":\"required name=search_term_string\"}],\"inLanguage\":\"en-GB\"},{\"@type\":\"Organization\",\"@id\":\"https:\/\/www.numov.de\/#organization\",\"name\":\"NUMOV \/ Nah- und Mittelost Verein e.V.\",\"url\":\"https:\/\/www.numov.de\/\",\"logo\":{\"@type\":\"ImageObject\",\"inLanguage\":\"en-GB\",\"@id\":\"https:\/\/www.numov.de\/#\/schema\/logo\/image\/\",\"url\":\"https:\/\/www.numov.de\/wp-content\/uploads\/2018\/08\/NUMOV-Logo-Webseite-2.jpg\",\"contentUrl\":\"https:\/\/www.numov.de\/wp-content\/uploads\/2018\/08\/NUMOV-Logo-Webseite-2.jpg\",\"width\":350,\"height\":145,\"caption\":\"NUMOV \/ Nah- und Mittelost Verein e.V.\"},\"image\":{\"@id\":\"https:\/\/www.numov.de\/#\/schema\/logo\/image\/\"},\"sameAs\":[\"https:\/\/www.facebook.com\/NUMOV-Nah-und-Mittelost-Verein-eV-1951195151803346\/\",\"https:\/\/x.com\/NUMOVeV\",\"https:\/\/www.linkedin.com\/company\/numov\/\",\"https:\/\/www.youtube.com\/channel\/UCgfOP3vk0xgbvh-x6RE2Tew\",\"https:\/\/de.wikipedia.org\/wiki\/Nah-_und_Mittelost-Verein\"]}]}<\/script>\n<!-- \/ Yoast SEO plugin. -->","yoast_head_json":{"title":"Pr\u00e4sentationen und Video \u2013 Informationsveranstaltung \u201eWas macht das Bundesamt f\u00fcr Ausw\u00e4rtige Angelegenheiten, BfAA?\u201c am 15. September 2023 - NUMOV \/ Nah- und Mittelost Verein e.V.","robots":{"index":"index","follow":"follow","max-snippet":"max-snippet:-1","max-image-preview":"max-image-preview:large","max-video-preview":"max-video-preview:-1"},"canonical":"https:\/\/www.numov.de\/en\/bfaa-15th-september-2023\/","og_locale":"en_GB","og_type":"article","og_title":"Pr\u00e4sentationen und Video \u2013 Informationsveranstaltung \u201eWas macht das Bundesamt f\u00fcr Ausw\u00e4rtige Angelegenheiten, BfAA?\u201c am 15. September 2023 - NUMOV \/ Nah- und Mittelost Verein e.V.","og_description":"Pr\u00e4sentationen Bundesamt f\u00fcr Ausw\u00e4rtige Angelegenheiten (BfAA): Fakten Organisationsplan des Bundesamtes f\u00fcr Ausw\u00e4rtige Angelegenheiten Video &nbsp;","og_url":"https:\/\/www.numov.de\/en\/bfaa-15th-september-2023\/","og_site_name":"NUMOV \/ Nah- und Mittelost Verein e.V.","article_publisher":"https:\/\/www.facebook.com\/NUMOV-Nah-und-Mittelost-Verein-eV-1951195151803346\/","article_modified_time":"2023-09-18T11:23:33+00:00","twitter_card":"summary_large_image","twitter_site":"@NUMOVeV","twitter_misc":{"Estimated reading time":"1 minute"},"schema":{"@context":"https:\/\/schema.org","@graph":[{"@type":"WebPage","@id":"https:\/\/www.numov.de\/bfaa-15th-september-2023\/","url":"https:\/\/www.numov.de\/bfaa-15th-september-2023\/","name":"Pr\u00e4sentationen und Video \u2013 Informationsveranstaltung \u201eWas macht das Bundesamt f\u00fcr Ausw\u00e4rtige Angelegenheiten, BfAA?\u201c am 15. September 2023 - NUMOV \/ Nah- und Mittelost Verein e.V.","isPartOf":{"@id":"https:\/\/www.numov.de\/#website"},"datePublished":"2023-09-15T14:25:23+00:00","dateModified":"2023-09-18T11:23:33+00:00","breadcrumb":{"@id":"https:\/\/www.numov.de\/bfaa-15th-september-2023\/#breadcrumb"},"inLanguage":"en-GB","potentialAction":[{"@type":"ReadAction","target":["https:\/\/www.numov.de\/bfaa-15th-september-2023\/"]}]},{"@type":"BreadcrumbList","@id":"https:\/\/www.numov.de\/bfaa-15th-september-2023\/#breadcrumb","itemListElement":[{"@type":"ListItem","position":1,"name":"Startseite","item":"https:\/\/www.numov.de\/"},{"@type":"ListItem","position":2,"name":"Pr\u00e4sentationen und Video \u2013 Informationsveranstaltung \u201eWas macht das Bundesamt f\u00fcr Ausw\u00e4rtige Angelegenheiten, BfAA?\u201c am 15. September 2023"}]},{"@type":"WebSite","@id":"https:\/\/www.numov.de\/#website","url":"https:\/\/www.numov.de\/","name":"NUMOV \/ Nah- und Mittelost Verein e.V.","description":"NUMOV - IHR PARTNER UND DEUTSCHER INTERESSENSVERTRETER F\u00dcR DEN GESAMTEN NAHEN UND MITTLEREN OSTEN","publisher":{"@id":"https:\/\/www.numov.de\/#organization"},"potentialAction":[{"@type":"SearchAction","target":{"@type":"EntryPoint","urlTemplate":"https:\/\/www.numov.de\/?s={search_term_string}"},"query-input":"required name=search_term_string"}],"inLanguage":"en-GB"},{"@type":"Organization","@id":"https:\/\/www.numov.de\/#organization","name":"NUMOV \/ Nah- und Mittelost Verein e.V.","url":"https:\/\/www.numov.de\/","logo":{"@type":"ImageObject","inLanguage":"en-GB","@id":"https:\/\/www.numov.de\/#\/schema\/logo\/image\/","url":"https:\/\/www.numov.de\/wp-content\/uploads\/2018\/08\/NUMOV-Logo-Webseite-2.jpg","contentUrl":"https:\/\/www.numov.de\/wp-content\/uploads\/2018\/08\/NUMOV-Logo-Webseite-2.jpg","width":350,"height":145,"caption":"NUMOV \/ Nah- und Mittelost Verein e.V."},"image":{"@id":"https:\/\/www.numov.de\/#\/schema\/logo\/image\/"},"sameAs":["https:\/\/www.facebook.com\/NUMOV-Nah-und-Mittelost-Verein-eV-1951195151803346\/","https:\/\/x.com\/NUMOVeV","https:\/\/www.linkedin.com\/company\/numov\/","https:\/\/www.youtube.com\/channel\/UCgfOP3vk0xgbvh-x6RE2Tew","https:\/\/de.wikipedia.org\/wiki\/Nah-_und_Mittelost-Verein"]}]}},"_links":{"self":[{"href":"https:\/\/www.numov.de\/en\/wp-json\/wp\/v2\/pages\/43031","targetHints":{"allow":["GET"]}}],"collection":[{"href":"https:\/\/www.numov.de\/en\/wp-json\/wp\/v2\/pages"}],"about":[{"href":"https:\/\/www.numov.de\/en\/wp-json\/wp\/v2\/types\/page"}],"author":[{"embeddable":true,"href":"https:\/\/www.numov.de\/en\/wp-json\/wp\/v2\/users\/1"}],"replies":[{"embeddable":true,"href":"https:\/\/www.numov.de\/en\/wp-json\/wp\/v2\/comments?post=43031"}],"version-history":[{"count":7,"href":"https:\/\/www.numov.de\/en\/wp-json\/wp\/v2\/pages\/43031\/revisions"}],"predecessor-version":[{"id":43043,"href":"https:\/\/www.numov.de\/en\/wp-json\/wp\/v2\/pages\/43031\/revisions\/43043"}],"wp:attachment":[{"href":"https:\/\/www.numov.de\/en\/wp-json\/wp\/v2\/media?parent=43031"}],"curies":[{"name":"wp","href":"https:\/\/api.w.org\/{rel}","templated":true}]}}