{"id":39395,"date":"2022-06-03T12:02:46","date_gmt":"2022-06-03T10:02:46","guid":{"rendered":"https:\/\/www.numov.de\/?page_id=39395"},"modified":"2022-07-06T10:14:13","modified_gmt":"2022-07-06T08:14:13","slug":"video-und-praesentationvortragsveranstaltung-mit-s-e-ryad-mezzour-minister-fuer-industrie-und-handel-von-marokko","status":"publish","type":"page","link":"https:\/\/www.numov.de\/en\/video-und-praesentationvortragsveranstaltung-mit-s-e-ryad-mezzour-minister-fuer-industrie-und-handel-von-marokko\/","title":{"rendered":"Video und Pr\u00e4sentation &#8211; Vortragsveranstaltung mit S.E. Ryad Mezzour, Minister f\u00fcr Industrie und Handel von Marokko"},"content":{"rendered":"<p><strong>Video und Pr\u00e4sentation<\/strong><\/p>\r\n<p><a href=\"https:\/\/www.numov.de\/wp-content\/uploads\/2022\/06\/Ryad-MEZZOUR-Minister-fur-Industrie-und-Handel.mp4\" target=\"_blank\" rel=\"noopener\">Video mit S.E. Ryad Mezzour, Minister f\u00fcr Industrie und Handel von Marokko<\/a><\/p>\r\n<p><a href=\"https:\/\/www.numov.de\/wp-content\/uploads\/2022\/06\/Prasentation-Marokko.pdf\">Pr\u00e4sentation &#8211; &#8222;Why Morocco&#8220;<\/a><\/p>\r\n<p><strong>Kontaktdaten\u00a0<\/strong><\/p>\r\n<!-- \/wp:post-content -->\r\n\r\n<!-- wp:paragraph -->\r\n<p>Kingdom of Morocco <br \/>Ministry of Industry and Trade <br \/>Ms Lalla Kenza EL ALAOUI <br \/>Managing Director in Charge of Industry <br \/>Administrative District, Rabat Chellah &#8211; Morocco <br \/>Phone: +212 (0)5 37 70 11 61 <br \/>Mobile: +212 (0)6 62172845 <br \/>Email: <a href=\"mailto:kelalaoui@mcinet.gov.ma\">kelalaoui@mcinet.gov.ma<\/a><\/p>","protected":false},"excerpt":{"rendered":"<div class=\"mh-excerpt\"><p>Video und Pr\u00e4sentation Video mit S.E. Ryad Mezzour, Minister f\u00fcr Industrie und Handel von Marokko Pr\u00e4sentation &#8211; &#8222;Why Morocco&#8220; Kontaktdaten\u00a0 Kingdom of Morocco Ministry of Industry and Trade Ms Lalla Kenza EL ALAOUI Managing Director in Charge of Industry Administrative District, Rabat Chellah &#8211; Morocco Phone: +212 (0)5 37 70 11 61 Mobile: +212 (0)6 62172845 Email: kelalaoui@mcinet.gov.ma<\/p>\n<\/div>","protected":false},"author":1,"featured_media":0,"parent":0,"menu_order":0,"comment_status":"closed","ping_status":"closed","template":"","meta":{"footnotes":""},"class_list":["post-39395","page","type-page","status-publish"],"yoast_head":"<!-- This site is optimized with the Yoast SEO plugin v23.1 - https:\/\/yoast.com\/wordpress\/plugins\/seo\/ -->\n<title>Video und Pr\u00e4sentation - Vortragsveranstaltung mit S.E. Ryad Mezzour, Minister f\u00fcr Industrie und Handel von Marokko - NUMOV \/ Nah- und Mittelost Verein e.V.<\/title>\n<meta name=\"robots\" content=\"index, follow, max-snippet:-1, max-image-preview:large, max-video-preview:-1\" \/>\n<link rel=\"canonical\" href=\"https:\/\/www.numov.de\/en\/video-und-praesentationvortragsveranstaltung-mit-s-e-ryad-mezzour-minister-fuer-industrie-und-handel-von-marokko\/\" \/>\n<meta property=\"og:locale\" content=\"en_GB\" \/>\n<meta property=\"og:type\" content=\"article\" \/>\n<meta property=\"og:title\" content=\"Video und Pr\u00e4sentation - Vortragsveranstaltung mit S.E. Ryad Mezzour, Minister f\u00fcr Industrie und Handel von Marokko - NUMOV \/ Nah- und Mittelost Verein e.V.\" \/>\n<meta property=\"og:description\" content=\"Video und Pr\u00e4sentation Video mit S.E. Ryad Mezzour, Minister f\u00fcr Industrie und Handel von Marokko Pr\u00e4sentation &#8211; &#8222;Why Morocco&#8220; Kontaktdaten\u00a0 Kingdom of Morocco Ministry of Industry and Trade Ms Lalla Kenza EL ALAOUI Managing Director in Charge of Industry Administrative District, Rabat Chellah &#8211; Morocco Phone: +212 (0)5 37 70 11 61 Mobile: +212 (0)6 62172845 Email: kelalaoui@mcinet.gov.ma\" \/>\n<meta property=\"og:url\" content=\"https:\/\/www.numov.de\/en\/video-und-praesentationvortragsveranstaltung-mit-s-e-ryad-mezzour-minister-fuer-industrie-und-handel-von-marokko\/\" \/>\n<meta property=\"og:site_name\" content=\"NUMOV \/ Nah- und Mittelost Verein e.V.\" \/>\n<meta property=\"article:publisher\" content=\"https:\/\/www.facebook.com\/NUMOV-Nah-und-Mittelost-Verein-eV-1951195151803346\/\" \/>\n<meta property=\"article:modified_time\" content=\"2022-07-06T08:14:13+00:00\" \/>\n<meta name=\"twitter:card\" content=\"summary_large_image\" \/>\n<meta name=\"twitter:site\" content=\"@NUMOVeV\" \/>\n<meta name=\"twitter:label1\" content=\"Estimated reading time\" \/>\n\t<meta name=\"twitter:data1\" content=\"1 minute\" \/>\n<script type=\"application\/ld+json\" class=\"yoast-schema-graph\">{\"@context\":\"https:\/\/schema.org\",\"@graph\":[{\"@type\":\"WebPage\",\"@id\":\"https:\/\/www.numov.de\/video-und-praesentationvortragsveranstaltung-mit-s-e-ryad-mezzour-minister-fuer-industrie-und-handel-von-marokko\/\",\"url\":\"https:\/\/www.numov.de\/video-und-praesentationvortragsveranstaltung-mit-s-e-ryad-mezzour-minister-fuer-industrie-und-handel-von-marokko\/\",\"name\":\"Video und Pr\u00e4sentation - Vortragsveranstaltung mit S.E. Ryad Mezzour, Minister f\u00fcr Industrie und Handel von Marokko - NUMOV \/ Nah- und Mittelost Verein e.V.\",\"isPartOf\":{\"@id\":\"https:\/\/www.numov.de\/#website\"},\"datePublished\":\"2022-06-03T10:02:46+00:00\",\"dateModified\":\"2022-07-06T08:14:13+00:00\",\"breadcrumb\":{\"@id\":\"https:\/\/www.numov.de\/video-und-praesentationvortragsveranstaltung-mit-s-e-ryad-mezzour-minister-fuer-industrie-und-handel-von-marokko\/#breadcrumb\"},\"inLanguage\":\"en-GB\",\"potentialAction\":[{\"@type\":\"ReadAction\",\"target\":[\"https:\/\/www.numov.de\/video-und-praesentationvortragsveranstaltung-mit-s-e-ryad-mezzour-minister-fuer-industrie-und-handel-von-marokko\/\"]}]},{\"@type\":\"BreadcrumbList\",\"@id\":\"https:\/\/www.numov.de\/video-und-praesentationvortragsveranstaltung-mit-s-e-ryad-mezzour-minister-fuer-industrie-und-handel-von-marokko\/#breadcrumb\",\"itemListElement\":[{\"@type\":\"ListItem\",\"position\":1,\"name\":\"Startseite\",\"item\":\"https:\/\/www.numov.de\/\"},{\"@type\":\"ListItem\",\"position\":2,\"name\":\"Video und Pr\u00e4sentation &#8211; Vortragsveranstaltung mit S.E. Ryad Mezzour, Minister f\u00fcr Industrie und Handel von Marokko\"}]},{\"@type\":\"WebSite\",\"@id\":\"https:\/\/www.numov.de\/#website\",\"url\":\"https:\/\/www.numov.de\/\",\"name\":\"NUMOV \/ Nah- und Mittelost Verein e.V.\",\"description\":\"NUMOV - IHR PARTNER UND DEUTSCHER INTERESSENSVERTRETER F\u00dcR DEN GESAMTEN NAHEN UND MITTLEREN OSTEN\",\"publisher\":{\"@id\":\"https:\/\/www.numov.de\/#organization\"},\"potentialAction\":[{\"@type\":\"SearchAction\",\"target\":{\"@type\":\"EntryPoint\",\"urlTemplate\":\"https:\/\/www.numov.de\/?s={search_term_string}\"},\"query-input\":\"required name=search_term_string\"}],\"inLanguage\":\"en-GB\"},{\"@type\":\"Organization\",\"@id\":\"https:\/\/www.numov.de\/#organization\",\"name\":\"NUMOV \/ Nah- und Mittelost Verein e.V.\",\"url\":\"https:\/\/www.numov.de\/\",\"logo\":{\"@type\":\"ImageObject\",\"inLanguage\":\"en-GB\",\"@id\":\"https:\/\/www.numov.de\/#\/schema\/logo\/image\/\",\"url\":\"https:\/\/www.numov.de\/wp-content\/uploads\/2018\/08\/NUMOV-Logo-Webseite-2.jpg\",\"contentUrl\":\"https:\/\/www.numov.de\/wp-content\/uploads\/2018\/08\/NUMOV-Logo-Webseite-2.jpg\",\"width\":350,\"height\":145,\"caption\":\"NUMOV \/ Nah- und Mittelost Verein e.V.\"},\"image\":{\"@id\":\"https:\/\/www.numov.de\/#\/schema\/logo\/image\/\"},\"sameAs\":[\"https:\/\/www.facebook.com\/NUMOV-Nah-und-Mittelost-Verein-eV-1951195151803346\/\",\"https:\/\/x.com\/NUMOVeV\",\"https:\/\/www.linkedin.com\/company\/numov\/\",\"https:\/\/www.youtube.com\/channel\/UCgfOP3vk0xgbvh-x6RE2Tew\",\"https:\/\/de.wikipedia.org\/wiki\/Nah-_und_Mittelost-Verein\"]}]}<\/script>\n<!-- \/ Yoast SEO plugin. -->","yoast_head_json":{"title":"Video und Pr\u00e4sentation - Vortragsveranstaltung mit S.E. Ryad Mezzour, Minister f\u00fcr Industrie und Handel von Marokko - NUMOV \/ Nah- und Mittelost Verein e.V.","robots":{"index":"index","follow":"follow","max-snippet":"max-snippet:-1","max-image-preview":"max-image-preview:large","max-video-preview":"max-video-preview:-1"},"canonical":"https:\/\/www.numov.de\/en\/video-und-praesentationvortragsveranstaltung-mit-s-e-ryad-mezzour-minister-fuer-industrie-und-handel-von-marokko\/","og_locale":"en_GB","og_type":"article","og_title":"Video und Pr\u00e4sentation - Vortragsveranstaltung mit S.E. Ryad Mezzour, Minister f\u00fcr Industrie und Handel von Marokko - NUMOV \/ Nah- und Mittelost Verein e.V.","og_description":"Video und Pr\u00e4sentation Video mit S.E. Ryad Mezzour, Minister f\u00fcr Industrie und Handel von Marokko Pr\u00e4sentation &#8211; &#8222;Why Morocco&#8220; Kontaktdaten\u00a0 Kingdom of Morocco Ministry of Industry and Trade Ms Lalla Kenza EL ALAOUI Managing Director in Charge of Industry Administrative District, Rabat Chellah &#8211; Morocco Phone: +212 (0)5 37 70 11 61 Mobile: +212 (0)6 62172845 Email: kelalaoui@mcinet.gov.ma","og_url":"https:\/\/www.numov.de\/en\/video-und-praesentationvortragsveranstaltung-mit-s-e-ryad-mezzour-minister-fuer-industrie-und-handel-von-marokko\/","og_site_name":"NUMOV \/ Nah- und Mittelost Verein e.V.","article_publisher":"https:\/\/www.facebook.com\/NUMOV-Nah-und-Mittelost-Verein-eV-1951195151803346\/","article_modified_time":"2022-07-06T08:14:13+00:00","twitter_card":"summary_large_image","twitter_site":"@NUMOVeV","twitter_misc":{"Estimated reading time":"1 minute"},"schema":{"@context":"https:\/\/schema.org","@graph":[{"@type":"WebPage","@id":"https:\/\/www.numov.de\/video-und-praesentationvortragsveranstaltung-mit-s-e-ryad-mezzour-minister-fuer-industrie-und-handel-von-marokko\/","url":"https:\/\/www.numov.de\/video-und-praesentationvortragsveranstaltung-mit-s-e-ryad-mezzour-minister-fuer-industrie-und-handel-von-marokko\/","name":"Video und Pr\u00e4sentation - Vortragsveranstaltung mit S.E. Ryad Mezzour, Minister f\u00fcr Industrie und Handel von Marokko - NUMOV \/ Nah- und Mittelost Verein e.V.","isPartOf":{"@id":"https:\/\/www.numov.de\/#website"},"datePublished":"2022-06-03T10:02:46+00:00","dateModified":"2022-07-06T08:14:13+00:00","breadcrumb":{"@id":"https:\/\/www.numov.de\/video-und-praesentationvortragsveranstaltung-mit-s-e-ryad-mezzour-minister-fuer-industrie-und-handel-von-marokko\/#breadcrumb"},"inLanguage":"en-GB","potentialAction":[{"@type":"ReadAction","target":["https:\/\/www.numov.de\/video-und-praesentationvortragsveranstaltung-mit-s-e-ryad-mezzour-minister-fuer-industrie-und-handel-von-marokko\/"]}]},{"@type":"BreadcrumbList","@id":"https:\/\/www.numov.de\/video-und-praesentationvortragsveranstaltung-mit-s-e-ryad-mezzour-minister-fuer-industrie-und-handel-von-marokko\/#breadcrumb","itemListElement":[{"@type":"ListItem","position":1,"name":"Startseite","item":"https:\/\/www.numov.de\/"},{"@type":"ListItem","position":2,"name":"Video und Pr\u00e4sentation &#8211; Vortragsveranstaltung mit S.E. Ryad Mezzour, Minister f\u00fcr Industrie und Handel von Marokko"}]},{"@type":"WebSite","@id":"https:\/\/www.numov.de\/#website","url":"https:\/\/www.numov.de\/","name":"NUMOV \/ Nah- und Mittelost Verein e.V.","description":"NUMOV - IHR PARTNER UND DEUTSCHER INTERESSENSVERTRETER F\u00dcR DEN GESAMTEN NAHEN UND MITTLEREN OSTEN","publisher":{"@id":"https:\/\/www.numov.de\/#organization"},"potentialAction":[{"@type":"SearchAction","target":{"@type":"EntryPoint","urlTemplate":"https:\/\/www.numov.de\/?s={search_term_string}"},"query-input":"required name=search_term_string"}],"inLanguage":"en-GB"},{"@type":"Organization","@id":"https:\/\/www.numov.de\/#organization","name":"NUMOV \/ Nah- und Mittelost Verein e.V.","url":"https:\/\/www.numov.de\/","logo":{"@type":"ImageObject","inLanguage":"en-GB","@id":"https:\/\/www.numov.de\/#\/schema\/logo\/image\/","url":"https:\/\/www.numov.de\/wp-content\/uploads\/2018\/08\/NUMOV-Logo-Webseite-2.jpg","contentUrl":"https:\/\/www.numov.de\/wp-content\/uploads\/2018\/08\/NUMOV-Logo-Webseite-2.jpg","width":350,"height":145,"caption":"NUMOV \/ Nah- und Mittelost Verein e.V."},"image":{"@id":"https:\/\/www.numov.de\/#\/schema\/logo\/image\/"},"sameAs":["https:\/\/www.facebook.com\/NUMOV-Nah-und-Mittelost-Verein-eV-1951195151803346\/","https:\/\/x.com\/NUMOVeV","https:\/\/www.linkedin.com\/company\/numov\/","https:\/\/www.youtube.com\/channel\/UCgfOP3vk0xgbvh-x6RE2Tew","https:\/\/de.wikipedia.org\/wiki\/Nah-_und_Mittelost-Verein"]}]}},"_links":{"self":[{"href":"https:\/\/www.numov.de\/en\/wp-json\/wp\/v2\/pages\/39395","targetHints":{"allow":["GET"]}}],"collection":[{"href":"https:\/\/www.numov.de\/en\/wp-json\/wp\/v2\/pages"}],"about":[{"href":"https:\/\/www.numov.de\/en\/wp-json\/wp\/v2\/types\/page"}],"author":[{"embeddable":true,"href":"https:\/\/www.numov.de\/en\/wp-json\/wp\/v2\/users\/1"}],"replies":[{"embeddable":true,"href":"https:\/\/www.numov.de\/en\/wp-json\/wp\/v2\/comments?post=39395"}],"version-history":[{"count":8,"href":"https:\/\/www.numov.de\/en\/wp-json\/wp\/v2\/pages\/39395\/revisions"}],"predecessor-version":[{"id":39471,"href":"https:\/\/www.numov.de\/en\/wp-json\/wp\/v2\/pages\/39395\/revisions\/39471"}],"wp:attachment":[{"href":"https:\/\/www.numov.de\/en\/wp-json\/wp\/v2\/media?parent=39395"}],"curies":[{"name":"wp","href":"https:\/\/api.w.org\/{rel}","templated":true}]}}