{"id":33228,"date":"2021-04-08T14:51:04","date_gmt":"2021-04-08T12:51:04","guid":{"rendered":"https:\/\/www.numov.de\/?page_id=33228"},"modified":"2021-04-09T15:54:22","modified_gmt":"2021-04-09T13:54:22","slug":"praesentationen-rechtliche-rahmenbedingungen-im-nahen-und-mittleren-osten-am-8-april-2021","status":"publish","type":"page","link":"https:\/\/www.numov.de\/en\/praesentationen-rechtliche-rahmenbedingungen-im-nahen-und-mittleren-osten-am-8-april-2021\/","title":{"rendered":"Pr\u00e4sentationen &#8211; Rechtliche Rahmenbedingungen im Nahen und Mittleren Osten am 8. April 2021"},"content":{"rendered":"<p><strong>Presentations<\/strong><\/p>\n<p><a href=\"https:\/\/www.numov.de\/wp-content\/uploads\/2021\/04\/Prasentation-Jochen-Hundt-08-04-2021-final.pptx\" target=\"_blank\" rel=\"noopener\">Rechtliche Rahmenbedingungen in Saudi-Arabien, RA Jochen Hundt<\/a><\/p>\n<p><a href=\"https:\/\/www.numov.de\/wp-content\/uploads\/2021\/04\/Balz-Rechtliche-Rahmenbedingungen-Irak-2021-04-08.pptx\" target=\"_blank\" rel=\"noopener\">Rechtliche Rahmenbedingungen im Irak, RA Dr. Kilian B\u00e4lz<\/a><\/p>\n<p><a href=\"https:\/\/www.numov.de\/wp-content\/uploads\/2021\/04\/Prasentation-Ofer.pptx\" target=\"_blank\" rel=\"noopener\">Rechtliche Rahmenbedingungen in den VAE, RA&#8217;in Julia Ofer<\/a><\/p>\n<p><a href=\"https:\/\/www.numov.de\/wp-content\/uploads\/2021\/04\/Vortrag-Rahmenbedingungen-Iran-Dr.-Thomas-Wulfing-Clayston-.pdf\" target=\"_blank\" rel=\"noopener\">Rechtliche Rahmenbedingungen im Iran, RA Dr. Thomas W\u00fclfing<\/a><\/p>\n<p><a href=\"https:\/\/www.numov.de\/wp-content\/uploads\/2021\/04\/Prasentation-Koksal.pdf\" target=\"_blank\" rel=\"noopener\">Rechtliche Rahmenbedingungen in der T\u00fcrkei, RA Prof. Dr. Mehmet K\u00f6ksal<\/a><\/p>\n<p><a href=\"https:\/\/www.numov.de\/wp-content\/uploads\/2021\/04\/Prasentation-Siebert.pptx\" target=\"_blank\" rel=\"noopener\">Rechtliche Rahmenbedingungen in Katar, RA Oliver Siebert<\/a><\/p>\n<p><a href=\"https:\/\/www.numov.de\/wp-content\/uploads\/2021\/04\/Prasentation-El-Saadani.pptx\" target=\"_blank\" rel=\"noopener\">Rechtliche Rahmenbedingungen in \u00c4gypten, RA Sherif El Saadani<\/a><\/p>\n<p><a href=\"https:\/\/www.numov.de\/wp-content\/uploads\/2021\/04\/Prasentation-Smyrek.pptx\" target=\"_blank\" rel=\"noopener\">Rechtliche Rahmenbedingungen in den Maghreb-L\u00e4ndern, RA Dr. Daniel Smyrek<\/a><\/p>\n<p><a href=\"https:\/\/www.numov.de\/wp-content\/uploads\/2021\/04\/NUMOV-Rechtliche-Rahmenbedingungen-Kuwait-8-April-2021.pptx\" target=\"_blank\" rel=\"noopener\">Rechtliche Rahmenbedingungen in Kuwait, RA Dr. Philipp Stompfe<\/a><\/p>\n<p><strong>Rechtliche Rahmenbedingungen in Bahrain, Dr. Amir Makee Mosa<\/strong><\/p>\n<p>Kontaktdaten\u00a0RA Dr. Amir Makee Mosa<br \/>\nFlick Gocke Schaumburg<br \/>\nRechtsanw\u00e4lte Wirtschaftspr\u00fcfer Steuerberater Partnerschaft mbB<br \/>\nFritz-Sch\u00e4ffer-Stra\u00dfe 1<br \/>\n53113 Bonn<br \/>\nTelefon: +49 228 9594-0<br \/>\nFax: +49 228 9594-100<br \/>\n<u><a href=\"mailto:amir.makeemosa@fgs.de\">amir.makeemosa@fgs.de<\/a><\/u><\/p>\n<p>&nbsp;<\/p>","protected":false},"excerpt":{"rendered":"<div class=\"mh-excerpt\"><p>Pr\u00e4sentationen Rechtliche Rahmenbedingungen in Saudi-Arabien, RA Jochen Hundt Rechtliche Rahmenbedingungen im Irak, RA Dr. Kilian B\u00e4lz Rechtliche Rahmenbedingungen in den VAE, RA&#8217;in Julia Ofer Rechtliche Rahmenbedingungen im Iran, RA Dr. Thomas W\u00fclfing Rechtliche Rahmenbedingungen in der T\u00fcrkei, RA Prof. Dr. Mehmet K\u00f6ksal Rechtliche Rahmenbedingungen in Katar, RA Oliver Siebert Rechtliche Rahmenbedingungen in \u00c4gypten, RA Sherif El Saadani Rechtliche Rahmenbedingungen in den Maghreb-L\u00e4ndern, RA Dr. Daniel Smyrek Rechtliche Rahmenbedingungen in Kuwait, RA Dr. Philipp Stompfe Rechtliche Rahmenbedingungen in Bahrain, Dr. Amir Makee Mosa Kontaktdaten\u00a0RA Dr. Amir Makee Mosa Flick Gocke Schaumburg Rechtsanw\u00e4lte Wirtschaftspr\u00fcfer Steuerberater Partnerschaft mbB Fritz-Sch\u00e4ffer-Stra\u00dfe 1 53113 Bonn Telefon: +49 228 9594-0 Fax: +49 228 9594-100 amir.makeemosa@fgs.de &nbsp;<\/p>\n<\/div>","protected":false},"author":1,"featured_media":0,"parent":0,"menu_order":0,"comment_status":"closed","ping_status":"closed","template":"","meta":{"footnotes":""},"class_list":["post-33228","page","type-page","status-publish"],"yoast_head":"<!-- This site is optimized with the Yoast SEO plugin v23.1 - https:\/\/yoast.com\/wordpress\/plugins\/seo\/ -->\n<title>Pr\u00e4sentationen - Rechtliche Rahmenbedingungen im Nahen und Mittleren Osten am 8. April 2021 - NUMOV \/ Nah- und Mittelost Verein e.V.<\/title>\n<meta name=\"robots\" content=\"index, follow, max-snippet:-1, max-image-preview:large, max-video-preview:-1\" \/>\n<link rel=\"canonical\" href=\"https:\/\/www.numov.de\/en\/praesentationen-rechtliche-rahmenbedingungen-im-nahen-und-mittleren-osten-am-8-april-2021\/\" \/>\n<meta property=\"og:locale\" content=\"en_GB\" \/>\n<meta property=\"og:type\" content=\"article\" \/>\n<meta property=\"og:title\" content=\"Pr\u00e4sentationen - Rechtliche Rahmenbedingungen im Nahen und Mittleren Osten am 8. April 2021 - NUMOV \/ Nah- und Mittelost Verein e.V.\" \/>\n<meta property=\"og:description\" content=\"Pr\u00e4sentationen Rechtliche Rahmenbedingungen in Saudi-Arabien, RA Jochen Hundt Rechtliche Rahmenbedingungen im Irak, RA Dr. Kilian B\u00e4lz Rechtliche Rahmenbedingungen in den VAE, RA&#8217;in Julia Ofer Rechtliche Rahmenbedingungen im Iran, RA Dr. Thomas W\u00fclfing Rechtliche Rahmenbedingungen in der T\u00fcrkei, RA Prof. Dr. Mehmet K\u00f6ksal Rechtliche Rahmenbedingungen in Katar, RA Oliver Siebert Rechtliche Rahmenbedingungen in \u00c4gypten, RA Sherif El Saadani Rechtliche Rahmenbedingungen in den Maghreb-L\u00e4ndern, RA Dr. Daniel Smyrek Rechtliche Rahmenbedingungen in Kuwait, RA Dr. Philipp Stompfe Rechtliche Rahmenbedingungen in Bahrain, Dr. Amir Makee Mosa Kontaktdaten\u00a0RA Dr. Amir Makee Mosa Flick Gocke Schaumburg Rechtsanw\u00e4lte Wirtschaftspr\u00fcfer Steuerberater Partnerschaft mbB Fritz-Sch\u00e4ffer-Stra\u00dfe 1 53113 Bonn Telefon: +49 228 9594-0 Fax: +49 228 9594-100 amir.makeemosa@fgs.de &nbsp;\" \/>\n<meta property=\"og:url\" content=\"https:\/\/www.numov.de\/en\/praesentationen-rechtliche-rahmenbedingungen-im-nahen-und-mittleren-osten-am-8-april-2021\/\" \/>\n<meta property=\"og:site_name\" content=\"NUMOV \/ Nah- und Mittelost Verein e.V.\" \/>\n<meta property=\"article:publisher\" content=\"https:\/\/www.facebook.com\/NUMOV-Nah-und-Mittelost-Verein-eV-1951195151803346\/\" \/>\n<meta property=\"article:modified_time\" content=\"2021-04-09T13:54:22+00:00\" \/>\n<meta name=\"twitter:card\" content=\"summary_large_image\" \/>\n<meta name=\"twitter:site\" content=\"@NUMOVeV\" \/>\n<meta name=\"twitter:label1\" content=\"Estimated reading time\" \/>\n\t<meta name=\"twitter:data1\" content=\"1 minute\" \/>\n<script type=\"application\/ld+json\" class=\"yoast-schema-graph\">{\"@context\":\"https:\/\/schema.org\",\"@graph\":[{\"@type\":\"WebPage\",\"@id\":\"https:\/\/www.numov.de\/praesentationen-rechtliche-rahmenbedingungen-im-nahen-und-mittleren-osten-am-8-april-2021\/\",\"url\":\"https:\/\/www.numov.de\/praesentationen-rechtliche-rahmenbedingungen-im-nahen-und-mittleren-osten-am-8-april-2021\/\",\"name\":\"Pr\u00e4sentationen - Rechtliche Rahmenbedingungen im Nahen und Mittleren Osten am 8. April 2021 - NUMOV \/ Nah- und Mittelost Verein e.V.\",\"isPartOf\":{\"@id\":\"https:\/\/www.numov.de\/#website\"},\"datePublished\":\"2021-04-08T12:51:04+00:00\",\"dateModified\":\"2021-04-09T13:54:22+00:00\",\"breadcrumb\":{\"@id\":\"https:\/\/www.numov.de\/praesentationen-rechtliche-rahmenbedingungen-im-nahen-und-mittleren-osten-am-8-april-2021\/#breadcrumb\"},\"inLanguage\":\"en-GB\",\"potentialAction\":[{\"@type\":\"ReadAction\",\"target\":[\"https:\/\/www.numov.de\/praesentationen-rechtliche-rahmenbedingungen-im-nahen-und-mittleren-osten-am-8-april-2021\/\"]}]},{\"@type\":\"BreadcrumbList\",\"@id\":\"https:\/\/www.numov.de\/praesentationen-rechtliche-rahmenbedingungen-im-nahen-und-mittleren-osten-am-8-april-2021\/#breadcrumb\",\"itemListElement\":[{\"@type\":\"ListItem\",\"position\":1,\"name\":\"Startseite\",\"item\":\"https:\/\/www.numov.de\/\"},{\"@type\":\"ListItem\",\"position\":2,\"name\":\"Pr\u00e4sentationen &#8211; Rechtliche Rahmenbedingungen im Nahen und Mittleren Osten am 8. April 2021\"}]},{\"@type\":\"WebSite\",\"@id\":\"https:\/\/www.numov.de\/#website\",\"url\":\"https:\/\/www.numov.de\/\",\"name\":\"NUMOV \/ Nah- und Mittelost Verein e.V.\",\"description\":\"NUMOV - IHR PARTNER UND DEUTSCHER INTERESSENSVERTRETER F\u00dcR DEN GESAMTEN NAHEN UND MITTLEREN OSTEN\",\"publisher\":{\"@id\":\"https:\/\/www.numov.de\/#organization\"},\"potentialAction\":[{\"@type\":\"SearchAction\",\"target\":{\"@type\":\"EntryPoint\",\"urlTemplate\":\"https:\/\/www.numov.de\/?s={search_term_string}\"},\"query-input\":\"required name=search_term_string\"}],\"inLanguage\":\"en-GB\"},{\"@type\":\"Organization\",\"@id\":\"https:\/\/www.numov.de\/#organization\",\"name\":\"NUMOV \/ Nah- und Mittelost Verein e.V.\",\"url\":\"https:\/\/www.numov.de\/\",\"logo\":{\"@type\":\"ImageObject\",\"inLanguage\":\"en-GB\",\"@id\":\"https:\/\/www.numov.de\/#\/schema\/logo\/image\/\",\"url\":\"https:\/\/www.numov.de\/wp-content\/uploads\/2018\/08\/NUMOV-Logo-Webseite-2.jpg\",\"contentUrl\":\"https:\/\/www.numov.de\/wp-content\/uploads\/2018\/08\/NUMOV-Logo-Webseite-2.jpg\",\"width\":350,\"height\":145,\"caption\":\"NUMOV \/ Nah- und Mittelost Verein e.V.\"},\"image\":{\"@id\":\"https:\/\/www.numov.de\/#\/schema\/logo\/image\/\"},\"sameAs\":[\"https:\/\/www.facebook.com\/NUMOV-Nah-und-Mittelost-Verein-eV-1951195151803346\/\",\"https:\/\/x.com\/NUMOVeV\",\"https:\/\/www.linkedin.com\/company\/numov\/\",\"https:\/\/www.youtube.com\/channel\/UCgfOP3vk0xgbvh-x6RE2Tew\",\"https:\/\/de.wikipedia.org\/wiki\/Nah-_und_Mittelost-Verein\"]}]}<\/script>\n<!-- \/ Yoast SEO plugin. -->","yoast_head_json":{"title":"Pr\u00e4sentationen - Rechtliche Rahmenbedingungen im Nahen und Mittleren Osten am 8. April 2021 - NUMOV \/ Nah- und Mittelost Verein e.V.","robots":{"index":"index","follow":"follow","max-snippet":"max-snippet:-1","max-image-preview":"max-image-preview:large","max-video-preview":"max-video-preview:-1"},"canonical":"https:\/\/www.numov.de\/en\/praesentationen-rechtliche-rahmenbedingungen-im-nahen-und-mittleren-osten-am-8-april-2021\/","og_locale":"en_GB","og_type":"article","og_title":"Pr\u00e4sentationen - Rechtliche Rahmenbedingungen im Nahen und Mittleren Osten am 8. April 2021 - NUMOV \/ Nah- und Mittelost Verein e.V.","og_description":"Pr\u00e4sentationen Rechtliche Rahmenbedingungen in Saudi-Arabien, RA Jochen Hundt Rechtliche Rahmenbedingungen im Irak, RA Dr. Kilian B\u00e4lz Rechtliche Rahmenbedingungen in den VAE, RA&#8217;in Julia Ofer Rechtliche Rahmenbedingungen im Iran, RA Dr. Thomas W\u00fclfing Rechtliche Rahmenbedingungen in der T\u00fcrkei, RA Prof. Dr. Mehmet K\u00f6ksal Rechtliche Rahmenbedingungen in Katar, RA Oliver Siebert Rechtliche Rahmenbedingungen in \u00c4gypten, RA Sherif El Saadani Rechtliche Rahmenbedingungen in den Maghreb-L\u00e4ndern, RA Dr. Daniel Smyrek Rechtliche Rahmenbedingungen in Kuwait, RA Dr. Philipp Stompfe Rechtliche Rahmenbedingungen in Bahrain, Dr. Amir Makee Mosa Kontaktdaten\u00a0RA Dr. Amir Makee Mosa Flick Gocke Schaumburg Rechtsanw\u00e4lte Wirtschaftspr\u00fcfer Steuerberater Partnerschaft mbB Fritz-Sch\u00e4ffer-Stra\u00dfe 1 53113 Bonn Telefon: +49 228 9594-0 Fax: +49 228 9594-100 amir.makeemosa@fgs.de &nbsp;","og_url":"https:\/\/www.numov.de\/en\/praesentationen-rechtliche-rahmenbedingungen-im-nahen-und-mittleren-osten-am-8-april-2021\/","og_site_name":"NUMOV \/ Nah- und Mittelost Verein e.V.","article_publisher":"https:\/\/www.facebook.com\/NUMOV-Nah-und-Mittelost-Verein-eV-1951195151803346\/","article_modified_time":"2021-04-09T13:54:22+00:00","twitter_card":"summary_large_image","twitter_site":"@NUMOVeV","twitter_misc":{"Estimated reading time":"1 minute"},"schema":{"@context":"https:\/\/schema.org","@graph":[{"@type":"WebPage","@id":"https:\/\/www.numov.de\/praesentationen-rechtliche-rahmenbedingungen-im-nahen-und-mittleren-osten-am-8-april-2021\/","url":"https:\/\/www.numov.de\/praesentationen-rechtliche-rahmenbedingungen-im-nahen-und-mittleren-osten-am-8-april-2021\/","name":"Pr\u00e4sentationen - Rechtliche Rahmenbedingungen im Nahen und Mittleren Osten am 8. April 2021 - NUMOV \/ Nah- und Mittelost Verein e.V.","isPartOf":{"@id":"https:\/\/www.numov.de\/#website"},"datePublished":"2021-04-08T12:51:04+00:00","dateModified":"2021-04-09T13:54:22+00:00","breadcrumb":{"@id":"https:\/\/www.numov.de\/praesentationen-rechtliche-rahmenbedingungen-im-nahen-und-mittleren-osten-am-8-april-2021\/#breadcrumb"},"inLanguage":"en-GB","potentialAction":[{"@type":"ReadAction","target":["https:\/\/www.numov.de\/praesentationen-rechtliche-rahmenbedingungen-im-nahen-und-mittleren-osten-am-8-april-2021\/"]}]},{"@type":"BreadcrumbList","@id":"https:\/\/www.numov.de\/praesentationen-rechtliche-rahmenbedingungen-im-nahen-und-mittleren-osten-am-8-april-2021\/#breadcrumb","itemListElement":[{"@type":"ListItem","position":1,"name":"Startseite","item":"https:\/\/www.numov.de\/"},{"@type":"ListItem","position":2,"name":"Pr\u00e4sentationen &#8211; Rechtliche Rahmenbedingungen im Nahen und Mittleren Osten am 8. April 2021"}]},{"@type":"WebSite","@id":"https:\/\/www.numov.de\/#website","url":"https:\/\/www.numov.de\/","name":"NUMOV \/ Nah- und Mittelost Verein e.V.","description":"NUMOV - IHR PARTNER UND DEUTSCHER INTERESSENSVERTRETER F\u00dcR DEN GESAMTEN NAHEN UND MITTLEREN OSTEN","publisher":{"@id":"https:\/\/www.numov.de\/#organization"},"potentialAction":[{"@type":"SearchAction","target":{"@type":"EntryPoint","urlTemplate":"https:\/\/www.numov.de\/?s={search_term_string}"},"query-input":"required name=search_term_string"}],"inLanguage":"en-GB"},{"@type":"Organization","@id":"https:\/\/www.numov.de\/#organization","name":"NUMOV \/ Nah- und Mittelost Verein e.V.","url":"https:\/\/www.numov.de\/","logo":{"@type":"ImageObject","inLanguage":"en-GB","@id":"https:\/\/www.numov.de\/#\/schema\/logo\/image\/","url":"https:\/\/www.numov.de\/wp-content\/uploads\/2018\/08\/NUMOV-Logo-Webseite-2.jpg","contentUrl":"https:\/\/www.numov.de\/wp-content\/uploads\/2018\/08\/NUMOV-Logo-Webseite-2.jpg","width":350,"height":145,"caption":"NUMOV \/ Nah- und Mittelost Verein e.V."},"image":{"@id":"https:\/\/www.numov.de\/#\/schema\/logo\/image\/"},"sameAs":["https:\/\/www.facebook.com\/NUMOV-Nah-und-Mittelost-Verein-eV-1951195151803346\/","https:\/\/x.com\/NUMOVeV","https:\/\/www.linkedin.com\/company\/numov\/","https:\/\/www.youtube.com\/channel\/UCgfOP3vk0xgbvh-x6RE2Tew","https:\/\/de.wikipedia.org\/wiki\/Nah-_und_Mittelost-Verein"]}]}},"_links":{"self":[{"href":"https:\/\/www.numov.de\/en\/wp-json\/wp\/v2\/pages\/33228","targetHints":{"allow":["GET"]}}],"collection":[{"href":"https:\/\/www.numov.de\/en\/wp-json\/wp\/v2\/pages"}],"about":[{"href":"https:\/\/www.numov.de\/en\/wp-json\/wp\/v2\/types\/page"}],"author":[{"embeddable":true,"href":"https:\/\/www.numov.de\/en\/wp-json\/wp\/v2\/users\/1"}],"replies":[{"embeddable":true,"href":"https:\/\/www.numov.de\/en\/wp-json\/wp\/v2\/comments?post=33228"}],"version-history":[{"count":8,"href":"https:\/\/www.numov.de\/en\/wp-json\/wp\/v2\/pages\/33228\/revisions"}],"predecessor-version":[{"id":33237,"href":"https:\/\/www.numov.de\/en\/wp-json\/wp\/v2\/pages\/33228\/revisions\/33237"}],"wp:attachment":[{"href":"https:\/\/www.numov.de\/en\/wp-json\/wp\/v2\/media?parent=33228"}],"curies":[{"name":"wp","href":"https:\/\/api.w.org\/{rel}","templated":true}]}}