{"id":2150,"date":"2018-08-09T10:25:27","date_gmt":"2018-08-09T08:25:27","guid":{"rendered":"https:\/\/numov.de\/?page_id=2150"},"modified":"2023-01-27T12:02:25","modified_gmt":"2023-01-27T11:02:25","slug":"praktikantenstellen","status":"publish","type":"page","link":"https:\/\/www.numov.de\/en\/praktikantenstellen\/","title":{"rendered":"Internships"},"content":{"rendered":"<p align=\"justify\">Der Nah- u. Mittelost-Verein ist eine Non-Profit-Organisation zur F\u00f6rderung der deutschen Au\u00dfenwirtschaft im Nahen und Mittleren Osten.<\/p>\n<p align=\"justify\">Folgende Einsatzbereiche bestehen f\u00fcr Prakti\u00adkanten:<\/p>\n<ul>\n<li>\n<div>Unterst\u00fctzung der L\u00e4nderreferenten<\/div>\n<\/li>\n<li>\n<div>Auswertung internationaler Wirtschaftspresse<\/div>\n<\/li>\n<li>\n<div>Archivarbeit<\/div>\n<\/li>\n<li>\n<div>Mithilfe bei der Organisation und Durchf\u00fchrung von Veranstaltungen<\/div>\n<\/li>\n<li>\n<div>Mitarbeit bei der Herstellung unserer Publikationen<\/div>\n<\/li>\n<\/ul>\n<p style=\"margin-top: 18px;\">F\u00fcr diese T\u00e4tigkeiten suchen wir Studenten\/ Absolventen v.a. aus den Fachbereichen Islamwissenschaften\/Orientalistik und Wirtschaftswissenschaften oder auch aus F\u00e4chern mit Schwerpunkt Druck und Layout.<\/p>\n<p>W\u00fcnschenswert sind Englischkenntnisse, EDV-Kenntnisse, gute Umgangsformen und gepflegtes \u00c4u\u00dferes, Engagement und zeitliche Flexibilit\u00e4t.<\/p>\n<p>Praktikumsdauer:\u00a0ab\u00a03 Monaten<\/p>\n<p>Bei Interesse senden Sie uns bitte eine Kurzbewerbung mit Lebenslauf unter Angabe des bevorzugten Zeitraums f\u00fcr das angestrebte Praktikum.<\/p>\n<p style=\"font-size: 18px;\"><strong>Contact<\/strong><\/p>\n<div style=\"line-height: 6px;\">\n<p>Nah- und Mittelost-Verein e.V.<\/p>\n<p>Kronenstr. 1<\/p>\n<p>10117 Berlin<\/p>\n<p>Tel.: (+49) 030 206410 &#8211; 0<\/p>\n<p>Fax: (+49) 030 206410 &#8211; 10<\/p>\n<p>E-mail:\u00a0<span id=\"cloak29791\"><a href=\"mailto:numov@numov.de\">numov@numov.de<\/a><\/span><\/p>\n<\/div>\n<p style=\"font-size: 18px; font-weight: bold; margin-bottom: 15px; margin-top: 35px;\">Zus\u00e4tzliches Angebot:<\/p>\n<h2 style=\"margin-bottom: 40px;\"><a href=\"https:\/\/www.numov.de\/wp-content\/uploads\/2023\/01\/Praktikum-NUMOV-Marketing.pdf\" target=\"_blank\" rel=\"noopener\">Praktikum Marketing<\/a><\/h2>","protected":false},"excerpt":{"rendered":"<div class=\"mh-excerpt\"><p>Der Nah- u. Mittelost-Verein ist eine Non-Profit-Organisation zur F\u00f6rderung der deutschen Au\u00dfenwirtschaft im Nahen und Mittleren Osten. Folgende Einsatzbereiche bestehen f\u00fcr Prakti\u00adkanten: Unterst\u00fctzung der L\u00e4nderreferenten Auswertung internationaler Wirtschaftspresse Archivarbeit Mithilfe bei der Organisation und Durchf\u00fchrung von Veranstaltungen Mitarbeit bei der Herstellung unserer Publikationen F\u00fcr diese T\u00e4tigkeiten suchen wir Studenten\/ Absolventen v.a. aus den Fachbereichen Islamwissenschaften\/Orientalistik und Wirtschaftswissenschaften oder auch aus F\u00e4chern mit Schwerpunkt Druck und Layout. W\u00fcnschenswert sind Englischkenntnisse, EDV-Kenntnisse, gute Umgangsformen und gepflegtes \u00c4u\u00dferes, Engagement und zeitliche Flexibilit\u00e4t. Praktikumsdauer:\u00a0ab\u00a03 Monaten Bei Interesse senden Sie uns bitte eine Kurzbewerbung mit Lebenslauf unter Angabe des bevorzugten Zeitraums f\u00fcr das angestrebte Praktikum. Kontakt Nah- und Mittelost-Verein e.V. Kronenstr. 1 10117 Berlin Tel.: (+49) 030 206410 &#8211; 0 Fax: (+49) 030 206410 &#8211; 10 E-mail:\u00a0numov@numov.de Zus\u00e4tzliches Angebot: Praktikum Marketing<\/p>\n<\/div>","protected":false},"author":1,"featured_media":0,"parent":0,"menu_order":0,"comment_status":"closed","ping_status":"closed","template":"","meta":{"footnotes":""},"class_list":["post-2150","page","type-page","status-publish"],"yoast_head":"<!-- This site is optimized with the Yoast SEO plugin v23.1 - https:\/\/yoast.com\/wordpress\/plugins\/seo\/ -->\n<title>Praktikantenstellen - NUMOV \/ Nah- und Mittelost Verein e.V.<\/title>\n<meta name=\"robots\" content=\"index, follow, max-snippet:-1, max-image-preview:large, max-video-preview:-1\" \/>\n<link rel=\"canonical\" href=\"https:\/\/www.numov.de\/en\/praktikantenstellen\/\" \/>\n<meta property=\"og:locale\" content=\"en_GB\" \/>\n<meta property=\"og:type\" content=\"article\" \/>\n<meta property=\"og:title\" content=\"Praktikantenstellen - NUMOV \/ Nah- und Mittelost Verein e.V.\" \/>\n<meta property=\"og:description\" content=\"Der Nah- u. Mittelost-Verein ist eine Non-Profit-Organisation zur F\u00f6rderung der deutschen Au\u00dfenwirtschaft im Nahen und Mittleren Osten. Folgende Einsatzbereiche bestehen f\u00fcr Prakti\u00adkanten: Unterst\u00fctzung der L\u00e4nderreferenten Auswertung internationaler Wirtschaftspresse Archivarbeit Mithilfe bei der Organisation und Durchf\u00fchrung von Veranstaltungen Mitarbeit bei der Herstellung unserer Publikationen F\u00fcr diese T\u00e4tigkeiten suchen wir Studenten\/ Absolventen v.a. aus den Fachbereichen Islamwissenschaften\/Orientalistik und Wirtschaftswissenschaften oder auch aus F\u00e4chern mit Schwerpunkt Druck und Layout. W\u00fcnschenswert sind Englischkenntnisse, EDV-Kenntnisse, gute Umgangsformen und gepflegtes \u00c4u\u00dferes, Engagement und zeitliche Flexibilit\u00e4t. Praktikumsdauer:\u00a0ab\u00a03 Monaten Bei Interesse senden Sie uns bitte eine Kurzbewerbung mit Lebenslauf unter Angabe des bevorzugten Zeitraums f\u00fcr das angestrebte Praktikum. Kontakt Nah- und Mittelost-Verein e.V. Kronenstr. 1 10117 Berlin Tel.: (+49) 030 206410 &#8211; 0 Fax: (+49) 030 206410 &#8211; 10 E-mail:\u00a0numov@numov.de Zus\u00e4tzliches Angebot: Praktikum Marketing\" \/>\n<meta property=\"og:url\" content=\"https:\/\/www.numov.de\/en\/praktikantenstellen\/\" \/>\n<meta property=\"og:site_name\" content=\"NUMOV \/ Nah- und Mittelost Verein e.V.\" \/>\n<meta property=\"article:publisher\" content=\"https:\/\/www.facebook.com\/NUMOV-Nah-und-Mittelost-Verein-eV-1951195151803346\/\" \/>\n<meta property=\"article:modified_time\" content=\"2023-01-27T11:02:25+00:00\" \/>\n<meta name=\"twitter:card\" content=\"summary_large_image\" \/>\n<meta name=\"twitter:site\" content=\"@NUMOVeV\" \/>\n<meta name=\"twitter:label1\" content=\"Estimated reading time\" \/>\n\t<meta name=\"twitter:data1\" content=\"1 minute\" \/>\n<script type=\"application\/ld+json\" class=\"yoast-schema-graph\">{\"@context\":\"https:\/\/schema.org\",\"@graph\":[{\"@type\":\"WebPage\",\"@id\":\"https:\/\/www.numov.de\/praktikantenstellen\/\",\"url\":\"https:\/\/www.numov.de\/praktikantenstellen\/\",\"name\":\"Praktikantenstellen - NUMOV \/ Nah- und Mittelost Verein e.V.\",\"isPartOf\":{\"@id\":\"https:\/\/www.numov.de\/#website\"},\"datePublished\":\"2018-08-09T08:25:27+00:00\",\"dateModified\":\"2023-01-27T11:02:25+00:00\",\"breadcrumb\":{\"@id\":\"https:\/\/www.numov.de\/praktikantenstellen\/#breadcrumb\"},\"inLanguage\":\"en-GB\",\"potentialAction\":[{\"@type\":\"ReadAction\",\"target\":[\"https:\/\/www.numov.de\/praktikantenstellen\/\"]}]},{\"@type\":\"BreadcrumbList\",\"@id\":\"https:\/\/www.numov.de\/praktikantenstellen\/#breadcrumb\",\"itemListElement\":[{\"@type\":\"ListItem\",\"position\":1,\"name\":\"Startseite\",\"item\":\"https:\/\/www.numov.de\/\"},{\"@type\":\"ListItem\",\"position\":2,\"name\":\"Praktikantenstellen\"}]},{\"@type\":\"WebSite\",\"@id\":\"https:\/\/www.numov.de\/#website\",\"url\":\"https:\/\/www.numov.de\/\",\"name\":\"NUMOV \/ Nah- und Mittelost Verein e.V.\",\"description\":\"NUMOV - IHR PARTNER UND DEUTSCHER INTERESSENSVERTRETER F\u00dcR DEN GESAMTEN NAHEN UND MITTLEREN OSTEN\",\"publisher\":{\"@id\":\"https:\/\/www.numov.de\/#organization\"},\"potentialAction\":[{\"@type\":\"SearchAction\",\"target\":{\"@type\":\"EntryPoint\",\"urlTemplate\":\"https:\/\/www.numov.de\/?s={search_term_string}\"},\"query-input\":\"required name=search_term_string\"}],\"inLanguage\":\"en-GB\"},{\"@type\":\"Organization\",\"@id\":\"https:\/\/www.numov.de\/#organization\",\"name\":\"NUMOV \/ Nah- und Mittelost Verein e.V.\",\"url\":\"https:\/\/www.numov.de\/\",\"logo\":{\"@type\":\"ImageObject\",\"inLanguage\":\"en-GB\",\"@id\":\"https:\/\/www.numov.de\/#\/schema\/logo\/image\/\",\"url\":\"https:\/\/www.numov.de\/wp-content\/uploads\/2018\/08\/NUMOV-Logo-Webseite-2.jpg\",\"contentUrl\":\"https:\/\/www.numov.de\/wp-content\/uploads\/2018\/08\/NUMOV-Logo-Webseite-2.jpg\",\"width\":350,\"height\":145,\"caption\":\"NUMOV \/ Nah- und Mittelost Verein e.V.\"},\"image\":{\"@id\":\"https:\/\/www.numov.de\/#\/schema\/logo\/image\/\"},\"sameAs\":[\"https:\/\/www.facebook.com\/NUMOV-Nah-und-Mittelost-Verein-eV-1951195151803346\/\",\"https:\/\/x.com\/NUMOVeV\",\"https:\/\/www.linkedin.com\/company\/numov\/\",\"https:\/\/www.youtube.com\/channel\/UCgfOP3vk0xgbvh-x6RE2Tew\",\"https:\/\/de.wikipedia.org\/wiki\/Nah-_und_Mittelost-Verein\"]}]}<\/script>\n<!-- \/ Yoast SEO plugin. -->","yoast_head_json":{"title":"Praktikantenstellen - NUMOV \/ Nah- und Mittelost Verein e.V.","robots":{"index":"index","follow":"follow","max-snippet":"max-snippet:-1","max-image-preview":"max-image-preview:large","max-video-preview":"max-video-preview:-1"},"canonical":"https:\/\/www.numov.de\/en\/praktikantenstellen\/","og_locale":"en_GB","og_type":"article","og_title":"Praktikantenstellen - NUMOV \/ Nah- und Mittelost Verein e.V.","og_description":"Der Nah- u. Mittelost-Verein ist eine Non-Profit-Organisation zur F\u00f6rderung der deutschen Au\u00dfenwirtschaft im Nahen und Mittleren Osten. Folgende Einsatzbereiche bestehen f\u00fcr Prakti\u00adkanten: Unterst\u00fctzung der L\u00e4nderreferenten Auswertung internationaler Wirtschaftspresse Archivarbeit Mithilfe bei der Organisation und Durchf\u00fchrung von Veranstaltungen Mitarbeit bei der Herstellung unserer Publikationen F\u00fcr diese T\u00e4tigkeiten suchen wir Studenten\/ Absolventen v.a. aus den Fachbereichen Islamwissenschaften\/Orientalistik und Wirtschaftswissenschaften oder auch aus F\u00e4chern mit Schwerpunkt Druck und Layout. W\u00fcnschenswert sind Englischkenntnisse, EDV-Kenntnisse, gute Umgangsformen und gepflegtes \u00c4u\u00dferes, Engagement und zeitliche Flexibilit\u00e4t. Praktikumsdauer:\u00a0ab\u00a03 Monaten Bei Interesse senden Sie uns bitte eine Kurzbewerbung mit Lebenslauf unter Angabe des bevorzugten Zeitraums f\u00fcr das angestrebte Praktikum. Kontakt Nah- und Mittelost-Verein e.V. Kronenstr. 1 10117 Berlin Tel.: (+49) 030 206410 &#8211; 0 Fax: (+49) 030 206410 &#8211; 10 E-mail:\u00a0numov@numov.de Zus\u00e4tzliches Angebot: Praktikum Marketing","og_url":"https:\/\/www.numov.de\/en\/praktikantenstellen\/","og_site_name":"NUMOV \/ Nah- und Mittelost Verein e.V.","article_publisher":"https:\/\/www.facebook.com\/NUMOV-Nah-und-Mittelost-Verein-eV-1951195151803346\/","article_modified_time":"2023-01-27T11:02:25+00:00","twitter_card":"summary_large_image","twitter_site":"@NUMOVeV","twitter_misc":{"Estimated reading time":"1 minute"},"schema":{"@context":"https:\/\/schema.org","@graph":[{"@type":"WebPage","@id":"https:\/\/www.numov.de\/praktikantenstellen\/","url":"https:\/\/www.numov.de\/praktikantenstellen\/","name":"Praktikantenstellen - NUMOV \/ Nah- und Mittelost Verein e.V.","isPartOf":{"@id":"https:\/\/www.numov.de\/#website"},"datePublished":"2018-08-09T08:25:27+00:00","dateModified":"2023-01-27T11:02:25+00:00","breadcrumb":{"@id":"https:\/\/www.numov.de\/praktikantenstellen\/#breadcrumb"},"inLanguage":"en-GB","potentialAction":[{"@type":"ReadAction","target":["https:\/\/www.numov.de\/praktikantenstellen\/"]}]},{"@type":"BreadcrumbList","@id":"https:\/\/www.numov.de\/praktikantenstellen\/#breadcrumb","itemListElement":[{"@type":"ListItem","position":1,"name":"Startseite","item":"https:\/\/www.numov.de\/"},{"@type":"ListItem","position":2,"name":"Praktikantenstellen"}]},{"@type":"WebSite","@id":"https:\/\/www.numov.de\/#website","url":"https:\/\/www.numov.de\/","name":"NUMOV \/ Nah- und Mittelost Verein e.V.","description":"NUMOV - IHR PARTNER UND DEUTSCHER INTERESSENSVERTRETER F\u00dcR DEN GESAMTEN NAHEN UND MITTLEREN OSTEN","publisher":{"@id":"https:\/\/www.numov.de\/#organization"},"potentialAction":[{"@type":"SearchAction","target":{"@type":"EntryPoint","urlTemplate":"https:\/\/www.numov.de\/?s={search_term_string}"},"query-input":"required name=search_term_string"}],"inLanguage":"en-GB"},{"@type":"Organization","@id":"https:\/\/www.numov.de\/#organization","name":"NUMOV \/ Nah- und Mittelost Verein e.V.","url":"https:\/\/www.numov.de\/","logo":{"@type":"ImageObject","inLanguage":"en-GB","@id":"https:\/\/www.numov.de\/#\/schema\/logo\/image\/","url":"https:\/\/www.numov.de\/wp-content\/uploads\/2018\/08\/NUMOV-Logo-Webseite-2.jpg","contentUrl":"https:\/\/www.numov.de\/wp-content\/uploads\/2018\/08\/NUMOV-Logo-Webseite-2.jpg","width":350,"height":145,"caption":"NUMOV \/ Nah- und Mittelost Verein e.V."},"image":{"@id":"https:\/\/www.numov.de\/#\/schema\/logo\/image\/"},"sameAs":["https:\/\/www.facebook.com\/NUMOV-Nah-und-Mittelost-Verein-eV-1951195151803346\/","https:\/\/x.com\/NUMOVeV","https:\/\/www.linkedin.com\/company\/numov\/","https:\/\/www.youtube.com\/channel\/UCgfOP3vk0xgbvh-x6RE2Tew","https:\/\/de.wikipedia.org\/wiki\/Nah-_und_Mittelost-Verein"]}]}},"_links":{"self":[{"href":"https:\/\/www.numov.de\/en\/wp-json\/wp\/v2\/pages\/2150","targetHints":{"allow":["GET"]}}],"collection":[{"href":"https:\/\/www.numov.de\/en\/wp-json\/wp\/v2\/pages"}],"about":[{"href":"https:\/\/www.numov.de\/en\/wp-json\/wp\/v2\/types\/page"}],"author":[{"embeddable":true,"href":"https:\/\/www.numov.de\/en\/wp-json\/wp\/v2\/users\/1"}],"replies":[{"embeddable":true,"href":"https:\/\/www.numov.de\/en\/wp-json\/wp\/v2\/comments?post=2150"}],"version-history":[{"count":36,"href":"https:\/\/www.numov.de\/en\/wp-json\/wp\/v2\/pages\/2150\/revisions"}],"predecessor-version":[{"id":41126,"href":"https:\/\/www.numov.de\/en\/wp-json\/wp\/v2\/pages\/2150\/revisions\/41126"}],"wp:attachment":[{"href":"https:\/\/www.numov.de\/en\/wp-json\/wp\/v2\/media?parent=2150"}],"curies":[{"name":"wp","href":"https:\/\/api.w.org\/{rel}","templated":true}]}}