{"id":17893,"date":"2019-09-05T12:22:24","date_gmt":"2019-09-05T10:22:24","guid":{"rendered":"https:\/\/www.numov.de\/?page_id=17893"},"modified":"2022-02-09T08:28:50","modified_gmt":"2022-02-09T07:28:50","slug":"praesentationen-delegationsreise-tuerkei-2-4-september-2019","status":"publish","type":"page","link":"https:\/\/www.numov.de\/en\/praesentationen-delegationsreise-tuerkei-2-4-september-2019\/","title":{"rendered":"Pr\u00e4sentationen &#8211; Delegationsreise T\u00fcrkei 2. &#8211; 4. September 2019"},"content":{"rendered":"<p><a href=\"https:\/\/www.numov.de\/wp-content\/uploads\/2019\/09\/Why-invest-in-Turkey_.pdf\" target=\"_blank\" rel=\"noreferrer noopener\" aria-label=\"Why Invest in Turkey?, Presidency of the Republic of Turkey Investment Office (\u00f6ffnet in neuem Tab)\">Why Invest in Turkey?, Presidency of the Republic of Turkey Investment Office<\/a><\/p>\r\n\r\n\r\n\r\n<p><a href=\"https:\/\/www.numov.de\/wp-content\/uploads\/2019\/09\/2019_0903_GK_NUMOV.pdf\" target=\"_blank\" rel=\"noreferrer noopener\" aria-label=\"T\u00fcrkei: Stand der Wirtschaft, Dr. Markus C. Slevogt, Pr\u00e4sident der AHK T\u00fcrkei (\u00f6ffnet in neuem Tab)\">T\u00fcrkei: Stand der Wirtschaft, Dr. Markus C. Slevogt, Pr\u00e4sident der AHK T\u00fcrkei<\/a><\/p>\r\n\r\n\r\n\r\n<p><a href=\"https:\/\/www.numov.de\/wp-content\/uploads\/2019\/09\/Teilnehmerliste-t\u00fcrkische-Firmen-DEIK-3.-September.xlsx\">Teilnehmerliste t\u00fcrkischer Firmen DEiK 3. September 2019<\/a><\/p>\r\n\r\n\r\n\r\n<p><a href=\"https:\/\/www.erenholding.com.tr\/en\/home\" target=\"_blank\" rel=\"noreferrer noopener\" aria-label=\"Eren Holding (\u00f6ffnet in neuem Tab)\">Eren Holding<\/a><\/p>\r\n\r\n\r\n\r\n<p><a href=\"https:\/\/www.numov.de\/wp-content\/uploads\/2019\/09\/TeknokonGroup_LD.pdf\" target=\"_blank\" rel=\"noreferrer noopener\" aria-label=\"Teknokon Group (\u00f6ffnet in neuem Tab)\">Teknokon Group<\/a><\/p>\r\n\r\n\r\n\r\n<p><a href=\"https:\/\/www.numov.de\/wp-content\/uploads\/2019\/09\/190619_TeknokonIndustrial_Presentation_LD.pdf\" target=\"_blank\" rel=\"noreferrer noopener\" aria-label=\"Teknokon Industry (\u00f6ffnet in neuem Tab)\">Teknokon Industry<\/a><\/p>\r\n\r\n\r\n\r\n<p><a href=\"https:\/\/www.numov.de\/wp-content\/uploads\/2019\/09\/TeknokonMaintenance_LD.pdf\" target=\"_blank\" rel=\"noreferrer noopener\" aria-label=\"Teknokon Maintenance (\u00f6ffnet in neuem Tab)\">Teknokon Maintenance<\/a><\/p>\r\n\r\n\r\n\r\n<p><a href=\"https:\/\/www.numov.de\/wp-content\/uploads\/2019\/09\/TeknokonMakina_SP_LD.pdf\" target=\"_blank\" rel=\"noreferrer noopener\" aria-label=\"Teknokon Machinery (\u00f6ffnet in neuem Tab)\">Teknokon Machinery<\/a><\/p>\r\n\r\n\r\n\r\n<p><a href=\"https:\/\/www.numov.de\/wp-content\/uploads\/2019\/09\/TeknopurSunum_LD.pdf\" target=\"_blank\" rel=\"noreferrer noopener\" aria-label=\"Teknopur ISP Insulation, Scaffolding and Painting Systems (\u00f6ffnet in neuem Tab)\">Teknopur ISP Insulation, Scaffolding and Painting Systems<\/a><\/p>\r\n\r\n\r\n\r\n<p>&nbsp;<\/p>","protected":false},"excerpt":{"rendered":"<div class=\"mh-excerpt\"><p>Why Invest in Turkey?, Presidency of the Republic of Turkey Investment Office T\u00fcrkei: Stand der Wirtschaft, Dr. Markus C. Slevogt, Pr\u00e4sident der AHK T\u00fcrkei Teilnehmerliste t\u00fcrkischer Firmen DEiK 3. September 2019 Eren Holding Teknokon Group Teknokon Industry Teknokon Maintenance Teknokon Machinery Teknopur ISP Insulation, Scaffolding and Painting Systems &nbsp;<\/p>\n<\/div>","protected":false},"author":1,"featured_media":0,"parent":0,"menu_order":0,"comment_status":"closed","ping_status":"closed","template":"","meta":{"footnotes":""},"class_list":["post-17893","page","type-page","status-publish"],"yoast_head":"<!-- This site is optimized with the Yoast SEO plugin v23.1 - https:\/\/yoast.com\/wordpress\/plugins\/seo\/ -->\n<title>Pr\u00e4sentationen - Delegationsreise T\u00fcrkei 2. - 4. September 2019 - NUMOV \/ Nah- und Mittelost Verein e.V.<\/title>\n<meta name=\"robots\" content=\"index, follow, max-snippet:-1, max-image-preview:large, max-video-preview:-1\" \/>\n<link rel=\"canonical\" href=\"https:\/\/www.numov.de\/en\/praesentationen-delegationsreise-tuerkei-2-4-september-2019\/\" \/>\n<meta property=\"og:locale\" content=\"en_GB\" \/>\n<meta property=\"og:type\" content=\"article\" \/>\n<meta property=\"og:title\" content=\"Pr\u00e4sentationen - Delegationsreise T\u00fcrkei 2. - 4. September 2019 - NUMOV \/ Nah- und Mittelost Verein e.V.\" \/>\n<meta property=\"og:description\" content=\"Why Invest in Turkey?, Presidency of the Republic of Turkey Investment Office T\u00fcrkei: Stand der Wirtschaft, Dr. Markus C. Slevogt, Pr\u00e4sident der AHK T\u00fcrkei Teilnehmerliste t\u00fcrkischer Firmen DEiK 3. September 2019 Eren Holding Teknokon Group Teknokon Industry Teknokon Maintenance Teknokon Machinery Teknopur ISP Insulation, Scaffolding and Painting Systems &nbsp;\" \/>\n<meta property=\"og:url\" content=\"https:\/\/www.numov.de\/en\/praesentationen-delegationsreise-tuerkei-2-4-september-2019\/\" \/>\n<meta property=\"og:site_name\" content=\"NUMOV \/ Nah- und Mittelost Verein e.V.\" \/>\n<meta property=\"article:publisher\" content=\"https:\/\/www.facebook.com\/NUMOV-Nah-und-Mittelost-Verein-eV-1951195151803346\/\" \/>\n<meta property=\"article:modified_time\" content=\"2022-02-09T07:28:50+00:00\" \/>\n<meta name=\"twitter:card\" content=\"summary_large_image\" \/>\n<meta name=\"twitter:site\" content=\"@NUMOVeV\" \/>\n<meta name=\"twitter:label1\" content=\"Estimated reading time\" \/>\n\t<meta name=\"twitter:data1\" content=\"1 minute\" \/>\n<script type=\"application\/ld+json\" class=\"yoast-schema-graph\">{\"@context\":\"https:\/\/schema.org\",\"@graph\":[{\"@type\":\"WebPage\",\"@id\":\"https:\/\/www.numov.de\/praesentationen-delegationsreise-tuerkei-2-4-september-2019\/\",\"url\":\"https:\/\/www.numov.de\/praesentationen-delegationsreise-tuerkei-2-4-september-2019\/\",\"name\":\"Pr\u00e4sentationen - Delegationsreise T\u00fcrkei 2. - 4. September 2019 - NUMOV \/ Nah- und Mittelost Verein e.V.\",\"isPartOf\":{\"@id\":\"https:\/\/www.numov.de\/#website\"},\"datePublished\":\"2019-09-05T10:22:24+00:00\",\"dateModified\":\"2022-02-09T07:28:50+00:00\",\"breadcrumb\":{\"@id\":\"https:\/\/www.numov.de\/praesentationen-delegationsreise-tuerkei-2-4-september-2019\/#breadcrumb\"},\"inLanguage\":\"en-GB\",\"potentialAction\":[{\"@type\":\"ReadAction\",\"target\":[\"https:\/\/www.numov.de\/praesentationen-delegationsreise-tuerkei-2-4-september-2019\/\"]}]},{\"@type\":\"BreadcrumbList\",\"@id\":\"https:\/\/www.numov.de\/praesentationen-delegationsreise-tuerkei-2-4-september-2019\/#breadcrumb\",\"itemListElement\":[{\"@type\":\"ListItem\",\"position\":1,\"name\":\"Startseite\",\"item\":\"https:\/\/www.numov.de\/\"},{\"@type\":\"ListItem\",\"position\":2,\"name\":\"Pr\u00e4sentationen &#8211; Delegationsreise T\u00fcrkei 2. &#8211; 4. September 2019\"}]},{\"@type\":\"WebSite\",\"@id\":\"https:\/\/www.numov.de\/#website\",\"url\":\"https:\/\/www.numov.de\/\",\"name\":\"NUMOV \/ Nah- und Mittelost Verein e.V.\",\"description\":\"NUMOV - IHR PARTNER UND DEUTSCHER INTERESSENSVERTRETER F\u00dcR DEN GESAMTEN NAHEN UND MITTLEREN OSTEN\",\"publisher\":{\"@id\":\"https:\/\/www.numov.de\/#organization\"},\"potentialAction\":[{\"@type\":\"SearchAction\",\"target\":{\"@type\":\"EntryPoint\",\"urlTemplate\":\"https:\/\/www.numov.de\/?s={search_term_string}\"},\"query-input\":\"required name=search_term_string\"}],\"inLanguage\":\"en-GB\"},{\"@type\":\"Organization\",\"@id\":\"https:\/\/www.numov.de\/#organization\",\"name\":\"NUMOV \/ Nah- und Mittelost Verein e.V.\",\"url\":\"https:\/\/www.numov.de\/\",\"logo\":{\"@type\":\"ImageObject\",\"inLanguage\":\"en-GB\",\"@id\":\"https:\/\/www.numov.de\/#\/schema\/logo\/image\/\",\"url\":\"https:\/\/www.numov.de\/wp-content\/uploads\/2018\/08\/NUMOV-Logo-Webseite-2.jpg\",\"contentUrl\":\"https:\/\/www.numov.de\/wp-content\/uploads\/2018\/08\/NUMOV-Logo-Webseite-2.jpg\",\"width\":350,\"height\":145,\"caption\":\"NUMOV \/ Nah- und Mittelost Verein e.V.\"},\"image\":{\"@id\":\"https:\/\/www.numov.de\/#\/schema\/logo\/image\/\"},\"sameAs\":[\"https:\/\/www.facebook.com\/NUMOV-Nah-und-Mittelost-Verein-eV-1951195151803346\/\",\"https:\/\/x.com\/NUMOVeV\",\"https:\/\/www.linkedin.com\/company\/numov\/\",\"https:\/\/www.youtube.com\/channel\/UCgfOP3vk0xgbvh-x6RE2Tew\",\"https:\/\/de.wikipedia.org\/wiki\/Nah-_und_Mittelost-Verein\"]}]}<\/script>\n<!-- \/ Yoast SEO plugin. -->","yoast_head_json":{"title":"Pr\u00e4sentationen - Delegationsreise T\u00fcrkei 2. - 4. September 2019 - NUMOV \/ Nah- und Mittelost Verein e.V.","robots":{"index":"index","follow":"follow","max-snippet":"max-snippet:-1","max-image-preview":"max-image-preview:large","max-video-preview":"max-video-preview:-1"},"canonical":"https:\/\/www.numov.de\/en\/praesentationen-delegationsreise-tuerkei-2-4-september-2019\/","og_locale":"en_GB","og_type":"article","og_title":"Pr\u00e4sentationen - Delegationsreise T\u00fcrkei 2. - 4. September 2019 - NUMOV \/ Nah- und Mittelost Verein e.V.","og_description":"Why Invest in Turkey?, Presidency of the Republic of Turkey Investment Office T\u00fcrkei: Stand der Wirtschaft, Dr. Markus C. Slevogt, Pr\u00e4sident der AHK T\u00fcrkei Teilnehmerliste t\u00fcrkischer Firmen DEiK 3. September 2019 Eren Holding Teknokon Group Teknokon Industry Teknokon Maintenance Teknokon Machinery Teknopur ISP Insulation, Scaffolding and Painting Systems &nbsp;","og_url":"https:\/\/www.numov.de\/en\/praesentationen-delegationsreise-tuerkei-2-4-september-2019\/","og_site_name":"NUMOV \/ Nah- und Mittelost Verein e.V.","article_publisher":"https:\/\/www.facebook.com\/NUMOV-Nah-und-Mittelost-Verein-eV-1951195151803346\/","article_modified_time":"2022-02-09T07:28:50+00:00","twitter_card":"summary_large_image","twitter_site":"@NUMOVeV","twitter_misc":{"Estimated reading time":"1 minute"},"schema":{"@context":"https:\/\/schema.org","@graph":[{"@type":"WebPage","@id":"https:\/\/www.numov.de\/praesentationen-delegationsreise-tuerkei-2-4-september-2019\/","url":"https:\/\/www.numov.de\/praesentationen-delegationsreise-tuerkei-2-4-september-2019\/","name":"Pr\u00e4sentationen - Delegationsreise T\u00fcrkei 2. - 4. September 2019 - NUMOV \/ Nah- und Mittelost Verein e.V.","isPartOf":{"@id":"https:\/\/www.numov.de\/#website"},"datePublished":"2019-09-05T10:22:24+00:00","dateModified":"2022-02-09T07:28:50+00:00","breadcrumb":{"@id":"https:\/\/www.numov.de\/praesentationen-delegationsreise-tuerkei-2-4-september-2019\/#breadcrumb"},"inLanguage":"en-GB","potentialAction":[{"@type":"ReadAction","target":["https:\/\/www.numov.de\/praesentationen-delegationsreise-tuerkei-2-4-september-2019\/"]}]},{"@type":"BreadcrumbList","@id":"https:\/\/www.numov.de\/praesentationen-delegationsreise-tuerkei-2-4-september-2019\/#breadcrumb","itemListElement":[{"@type":"ListItem","position":1,"name":"Startseite","item":"https:\/\/www.numov.de\/"},{"@type":"ListItem","position":2,"name":"Pr\u00e4sentationen &#8211; Delegationsreise T\u00fcrkei 2. &#8211; 4. September 2019"}]},{"@type":"WebSite","@id":"https:\/\/www.numov.de\/#website","url":"https:\/\/www.numov.de\/","name":"NUMOV \/ Nah- und Mittelost Verein e.V.","description":"NUMOV - IHR PARTNER UND DEUTSCHER INTERESSENSVERTRETER F\u00dcR DEN GESAMTEN NAHEN UND MITTLEREN OSTEN","publisher":{"@id":"https:\/\/www.numov.de\/#organization"},"potentialAction":[{"@type":"SearchAction","target":{"@type":"EntryPoint","urlTemplate":"https:\/\/www.numov.de\/?s={search_term_string}"},"query-input":"required name=search_term_string"}],"inLanguage":"en-GB"},{"@type":"Organization","@id":"https:\/\/www.numov.de\/#organization","name":"NUMOV \/ Nah- und Mittelost Verein e.V.","url":"https:\/\/www.numov.de\/","logo":{"@type":"ImageObject","inLanguage":"en-GB","@id":"https:\/\/www.numov.de\/#\/schema\/logo\/image\/","url":"https:\/\/www.numov.de\/wp-content\/uploads\/2018\/08\/NUMOV-Logo-Webseite-2.jpg","contentUrl":"https:\/\/www.numov.de\/wp-content\/uploads\/2018\/08\/NUMOV-Logo-Webseite-2.jpg","width":350,"height":145,"caption":"NUMOV \/ Nah- und Mittelost Verein e.V."},"image":{"@id":"https:\/\/www.numov.de\/#\/schema\/logo\/image\/"},"sameAs":["https:\/\/www.facebook.com\/NUMOV-Nah-und-Mittelost-Verein-eV-1951195151803346\/","https:\/\/x.com\/NUMOVeV","https:\/\/www.linkedin.com\/company\/numov\/","https:\/\/www.youtube.com\/channel\/UCgfOP3vk0xgbvh-x6RE2Tew","https:\/\/de.wikipedia.org\/wiki\/Nah-_und_Mittelost-Verein"]}]}},"_links":{"self":[{"href":"https:\/\/www.numov.de\/en\/wp-json\/wp\/v2\/pages\/17893","targetHints":{"allow":["GET"]}}],"collection":[{"href":"https:\/\/www.numov.de\/en\/wp-json\/wp\/v2\/pages"}],"about":[{"href":"https:\/\/www.numov.de\/en\/wp-json\/wp\/v2\/types\/page"}],"author":[{"embeddable":true,"href":"https:\/\/www.numov.de\/en\/wp-json\/wp\/v2\/users\/1"}],"replies":[{"embeddable":true,"href":"https:\/\/www.numov.de\/en\/wp-json\/wp\/v2\/comments?post=17893"}],"version-history":[{"count":6,"href":"https:\/\/www.numov.de\/en\/wp-json\/wp\/v2\/pages\/17893\/revisions"}],"predecessor-version":[{"id":37660,"href":"https:\/\/www.numov.de\/en\/wp-json\/wp\/v2\/pages\/17893\/revisions\/37660"}],"wp:attachment":[{"href":"https:\/\/www.numov.de\/en\/wp-json\/wp\/v2\/media?parent=17893"}],"curies":[{"name":"wp","href":"https:\/\/api.w.org\/{rel}","templated":true}]}}