{"id":1383,"date":"2018-02-08T10:29:37","date_gmt":"2018-02-08T09:29:37","guid":{"rendered":"https:\/\/numov.de\/?page_id=1383"},"modified":"2018-08-22T10:58:08","modified_gmt":"2018-08-22T08:58:08","slug":"agb","status":"publish","type":"page","link":"https:\/\/www.numov.de\/en\/agb\/","title":{"rendered":"Allgemeine Gesch\u00e4ftsbedingungen"},"content":{"rendered":"<div class=\"wpb-content-wrapper\"><div class=\"vc_row wpb_row vc_row-fluid\"><div class=\"wpb_column vc_column_container vc_col-sm-12\"><div class=\"vc_column-inner\"><div class=\"wpb_wrapper\">\n\t<div class=\"wpb_text_column wpb_content_element\" >\n\t\t<div class=\"wpb_wrapper\">\n\t\t\t<p>Allgemeine Nutzungsbedingungen<\/p>\n<p>Drucken E-Mail<br \/>\n1. Informationen zum Urheberrecht<br \/>\nNUMOV \u00fcbernimmt keine Gew\u00e4hr f\u00fcr die Aktualit\u00e4t, Richtigkeit und Vollst\u00e4ndigkeit der auf dieser Website bereitgestellten Informationen und Daten. Gleiches gilt auch f\u00fcr die Inhalte externer Websites, auf die dieser Internetauftritt \u00fcber Hyperlinks direkt oder indirekt verweist. NUMOV ist nicht f\u00fcr den Inhalt anderer Internetauftritte verantwortlich, die \u00fcber solche Verbindungen erreichbar sind. NUMOV beh\u00e4lt sich das Recht vor, jederzeit \u00c4nderungen oder Erg\u00e4nzungen an den bereitgestellten Informationen und Daten vorzunehmen.<\/p>\n<p>Inhalt, Struktur und Aufbau dieses Internetauftritts sind urheberrechtlich gesch\u00fctzt. Jeder Nutzer darf die angebotenen Informationen zu eigenen Informationszwecken nutzen. Jede andere Nutzung oder Verwertung der Informationen, insbesondere die Vervielf\u00e4ltigung, \u00c4nderung oder die Einbindung in Ver\u00f6ffentlichungen oder Webauftritte jedweder Art ist nur mit vorheriger Zustimmung von NUMOV gestattet.<\/p>\n<p>Der Nutzer ist f\u00fcr den Schutz eines ggf. zur Nutzung bestimmter Bereiche der NUMOV-Website erteilten Kennwortes vor missbr\u00e4uchlicher Verwendung allein verantwortlich. Erh\u00e4lt ein Nutzer Kenntnis, dass sein Kennwort unbeabsichtigt Unbefugten oder Dritten bekannt geworden ist, oder eine sonstige Gefahr der missbr\u00e4uchlichen Verwendung besteht, hat er dies NUMOV unverz\u00fcglich mitzuteilen. NUMOV wird daraufhin angemessene Ma\u00dfnahmen ergreifen um das betroffene Passwort zu sperren. Unabh\u00e4ngig davon haftet NUMOV jedoch nicht f\u00fcr Sch\u00e4den, die aus dem etwaigen Missbrauch von Passw\u00f6rtern entstehen, es sei denn, ein solcher Missbrauch wurde durch ein grob fahrl\u00e4ssiges oder vors\u00e4tzliches Verhalten des NUMOV oder eines Erf\u00fcllungsgehilfen von NUMOV verursacht. NUMOV ist dar\u00fcber hinaus jederzeit berechtigt, die Zugangsberechtigung durch Sperrung der Zugangsdaten zu widerrufen oder zu beschr\u00e4nken, ohne dass es hierf\u00fcr der Angabe von Gr\u00fcnden bedarf.<\/p>\n<p>F\u00fcr Folgesch\u00e4den, insbesondere entgangenen Gewinn, Produktionsausfall, Betriebsunterbrechung oder Datenverlust, \u00fcbernimmt NUMOV keine Haftung, es sei denn eine solche Haftung besteht nach zwingendem Recht.<\/p>\n<p>Nutzer der NUMOV-Website sind ausschlie\u00dflich selbst f\u00fcr die Einhaltung der nach dem jeweiligen Landesrecht einschl\u00e4gigen Vorschriften verantwortlich.<\/p>\n<p>Es gilt das deutsche Recht. Gerichtsstand ist Berlin, soweit ein solcher Gerichtsstand zul\u00e4ssigerweise mit dem Nutzer vereinbart werden darf.<\/p>\n<p>Sollte eine oder mehrere Bestimmungen dieser Nutzungsbedingungen ganz oder teilweise unwirksam sein, so wird dadurch die G\u00fcltigkeit der \u00fcbrigen Bestimmungen nicht ber\u00fchrt. An die Stelle der unwirksamen Bestimmung(en) tritt r\u00fcckwirkend eine inhaltlich m\u00f6glichst gleiche Regelung, die dem Zweck der gewollten Regelung am n\u00e4chsten kommt.<\/p>\n<p>Nah- und Mittelost-Verein e.V. (NUMOV)<\/p>\n\n\t\t<\/div>\n\t<\/div>\n<\/div><\/div><\/div><\/div>\n<\/div>","protected":false},"excerpt":{"rendered":"<div class=\"mh-excerpt\"><\/div>","protected":false},"author":1,"featured_media":0,"parent":0,"menu_order":0,"comment_status":"closed","ping_status":"closed","template":"","meta":{"footnotes":""},"class_list":["post-1383","page","type-page","status-publish"],"yoast_head":"<!-- This site is optimized with the Yoast SEO plugin v23.1 - https:\/\/yoast.com\/wordpress\/plugins\/seo\/ -->\n<title>Allgemeine Gesch\u00e4ftsbedingungen - NUMOV \/ Nah- und Mittelost Verein e.V.<\/title>\n<meta name=\"robots\" content=\"index, follow, max-snippet:-1, max-image-preview:large, max-video-preview:-1\" \/>\n<link rel=\"canonical\" href=\"https:\/\/www.numov.de\/en\/agb\/\" \/>\n<meta property=\"og:locale\" content=\"en_GB\" \/>\n<meta property=\"og:type\" content=\"article\" \/>\n<meta property=\"og:title\" content=\"Allgemeine Gesch\u00e4ftsbedingungen - NUMOV \/ Nah- und Mittelost Verein e.V.\" \/>\n<meta property=\"og:url\" content=\"https:\/\/www.numov.de\/en\/agb\/\" \/>\n<meta property=\"og:site_name\" content=\"NUMOV \/ Nah- und Mittelost Verein e.V.\" \/>\n<meta property=\"article:publisher\" content=\"https:\/\/www.facebook.com\/NUMOV-Nah-und-Mittelost-Verein-eV-1951195151803346\/\" \/>\n<meta property=\"article:modified_time\" content=\"2018-08-22T08:58:08+00:00\" \/>\n<meta name=\"twitter:card\" content=\"summary_large_image\" \/>\n<meta name=\"twitter:site\" content=\"@NUMOVeV\" \/>\n<meta name=\"twitter:label1\" content=\"Estimated reading time\" \/>\n\t<meta name=\"twitter:data1\" content=\"2 minutes\" \/>\n<script type=\"application\/ld+json\" class=\"yoast-schema-graph\">{\"@context\":\"https:\/\/schema.org\",\"@graph\":[{\"@type\":\"WebPage\",\"@id\":\"https:\/\/www.numov.de\/agb\/\",\"url\":\"https:\/\/www.numov.de\/agb\/\",\"name\":\"Allgemeine Gesch\u00e4ftsbedingungen - NUMOV \/ Nah- und Mittelost Verein e.V.\",\"isPartOf\":{\"@id\":\"https:\/\/www.numov.de\/#website\"},\"datePublished\":\"2018-02-08T09:29:37+00:00\",\"dateModified\":\"2018-08-22T08:58:08+00:00\",\"breadcrumb\":{\"@id\":\"https:\/\/www.numov.de\/agb\/#breadcrumb\"},\"inLanguage\":\"en-GB\",\"potentialAction\":[{\"@type\":\"ReadAction\",\"target\":[\"https:\/\/www.numov.de\/agb\/\"]}]},{\"@type\":\"BreadcrumbList\",\"@id\":\"https:\/\/www.numov.de\/agb\/#breadcrumb\",\"itemListElement\":[{\"@type\":\"ListItem\",\"position\":1,\"name\":\"Startseite\",\"item\":\"https:\/\/www.numov.de\/\"},{\"@type\":\"ListItem\",\"position\":2,\"name\":\"Allgemeine Gesch\u00e4ftsbedingungen\"}]},{\"@type\":\"WebSite\",\"@id\":\"https:\/\/www.numov.de\/#website\",\"url\":\"https:\/\/www.numov.de\/\",\"name\":\"NUMOV \/ Nah- und Mittelost Verein e.V.\",\"description\":\"NUMOV - IHR PARTNER UND DEUTSCHER INTERESSENSVERTRETER F\u00dcR DEN GESAMTEN NAHEN UND MITTLEREN OSTEN\",\"publisher\":{\"@id\":\"https:\/\/www.numov.de\/#organization\"},\"potentialAction\":[{\"@type\":\"SearchAction\",\"target\":{\"@type\":\"EntryPoint\",\"urlTemplate\":\"https:\/\/www.numov.de\/?s={search_term_string}\"},\"query-input\":\"required name=search_term_string\"}],\"inLanguage\":\"en-GB\"},{\"@type\":\"Organization\",\"@id\":\"https:\/\/www.numov.de\/#organization\",\"name\":\"NUMOV \/ Nah- und Mittelost Verein e.V.\",\"url\":\"https:\/\/www.numov.de\/\",\"logo\":{\"@type\":\"ImageObject\",\"inLanguage\":\"en-GB\",\"@id\":\"https:\/\/www.numov.de\/#\/schema\/logo\/image\/\",\"url\":\"https:\/\/www.numov.de\/wp-content\/uploads\/2018\/08\/NUMOV-Logo-Webseite-2.jpg\",\"contentUrl\":\"https:\/\/www.numov.de\/wp-content\/uploads\/2018\/08\/NUMOV-Logo-Webseite-2.jpg\",\"width\":350,\"height\":145,\"caption\":\"NUMOV \/ Nah- und Mittelost Verein e.V.\"},\"image\":{\"@id\":\"https:\/\/www.numov.de\/#\/schema\/logo\/image\/\"},\"sameAs\":[\"https:\/\/www.facebook.com\/NUMOV-Nah-und-Mittelost-Verein-eV-1951195151803346\/\",\"https:\/\/x.com\/NUMOVeV\",\"https:\/\/www.linkedin.com\/company\/numov\/\",\"https:\/\/www.youtube.com\/channel\/UCgfOP3vk0xgbvh-x6RE2Tew\",\"https:\/\/de.wikipedia.org\/wiki\/Nah-_und_Mittelost-Verein\"]}]}<\/script>\n<!-- \/ Yoast SEO plugin. -->","yoast_head_json":{"title":"Allgemeine Gesch\u00e4ftsbedingungen - NUMOV \/ Nah- und Mittelost Verein e.V.","robots":{"index":"index","follow":"follow","max-snippet":"max-snippet:-1","max-image-preview":"max-image-preview:large","max-video-preview":"max-video-preview:-1"},"canonical":"https:\/\/www.numov.de\/en\/agb\/","og_locale":"en_GB","og_type":"article","og_title":"Allgemeine Gesch\u00e4ftsbedingungen - NUMOV \/ Nah- und Mittelost Verein e.V.","og_url":"https:\/\/www.numov.de\/en\/agb\/","og_site_name":"NUMOV \/ Nah- und Mittelost Verein e.V.","article_publisher":"https:\/\/www.facebook.com\/NUMOV-Nah-und-Mittelost-Verein-eV-1951195151803346\/","article_modified_time":"2018-08-22T08:58:08+00:00","twitter_card":"summary_large_image","twitter_site":"@NUMOVeV","twitter_misc":{"Estimated reading time":"2 minutes"},"schema":{"@context":"https:\/\/schema.org","@graph":[{"@type":"WebPage","@id":"https:\/\/www.numov.de\/agb\/","url":"https:\/\/www.numov.de\/agb\/","name":"Allgemeine Gesch\u00e4ftsbedingungen - NUMOV \/ Nah- und Mittelost Verein e.V.","isPartOf":{"@id":"https:\/\/www.numov.de\/#website"},"datePublished":"2018-02-08T09:29:37+00:00","dateModified":"2018-08-22T08:58:08+00:00","breadcrumb":{"@id":"https:\/\/www.numov.de\/agb\/#breadcrumb"},"inLanguage":"en-GB","potentialAction":[{"@type":"ReadAction","target":["https:\/\/www.numov.de\/agb\/"]}]},{"@type":"BreadcrumbList","@id":"https:\/\/www.numov.de\/agb\/#breadcrumb","itemListElement":[{"@type":"ListItem","position":1,"name":"Startseite","item":"https:\/\/www.numov.de\/"},{"@type":"ListItem","position":2,"name":"Allgemeine Gesch\u00e4ftsbedingungen"}]},{"@type":"WebSite","@id":"https:\/\/www.numov.de\/#website","url":"https:\/\/www.numov.de\/","name":"NUMOV \/ Nah- und Mittelost Verein e.V.","description":"NUMOV - IHR PARTNER UND DEUTSCHER INTERESSENSVERTRETER F\u00dcR DEN GESAMTEN NAHEN UND MITTLEREN OSTEN","publisher":{"@id":"https:\/\/www.numov.de\/#organization"},"potentialAction":[{"@type":"SearchAction","target":{"@type":"EntryPoint","urlTemplate":"https:\/\/www.numov.de\/?s={search_term_string}"},"query-input":"required name=search_term_string"}],"inLanguage":"en-GB"},{"@type":"Organization","@id":"https:\/\/www.numov.de\/#organization","name":"NUMOV \/ Nah- und Mittelost Verein e.V.","url":"https:\/\/www.numov.de\/","logo":{"@type":"ImageObject","inLanguage":"en-GB","@id":"https:\/\/www.numov.de\/#\/schema\/logo\/image\/","url":"https:\/\/www.numov.de\/wp-content\/uploads\/2018\/08\/NUMOV-Logo-Webseite-2.jpg","contentUrl":"https:\/\/www.numov.de\/wp-content\/uploads\/2018\/08\/NUMOV-Logo-Webseite-2.jpg","width":350,"height":145,"caption":"NUMOV \/ Nah- und Mittelost Verein e.V."},"image":{"@id":"https:\/\/www.numov.de\/#\/schema\/logo\/image\/"},"sameAs":["https:\/\/www.facebook.com\/NUMOV-Nah-und-Mittelost-Verein-eV-1951195151803346\/","https:\/\/x.com\/NUMOVeV","https:\/\/www.linkedin.com\/company\/numov\/","https:\/\/www.youtube.com\/channel\/UCgfOP3vk0xgbvh-x6RE2Tew","https:\/\/de.wikipedia.org\/wiki\/Nah-_und_Mittelost-Verein"]}]}},"_links":{"self":[{"href":"https:\/\/www.numov.de\/en\/wp-json\/wp\/v2\/pages\/1383","targetHints":{"allow":["GET"]}}],"collection":[{"href":"https:\/\/www.numov.de\/en\/wp-json\/wp\/v2\/pages"}],"about":[{"href":"https:\/\/www.numov.de\/en\/wp-json\/wp\/v2\/types\/page"}],"author":[{"embeddable":true,"href":"https:\/\/www.numov.de\/en\/wp-json\/wp\/v2\/users\/1"}],"replies":[{"embeddable":true,"href":"https:\/\/www.numov.de\/en\/wp-json\/wp\/v2\/comments?post=1383"}],"version-history":[{"count":3,"href":"https:\/\/www.numov.de\/en\/wp-json\/wp\/v2\/pages\/1383\/revisions"}],"predecessor-version":[{"id":15669,"href":"https:\/\/www.numov.de\/en\/wp-json\/wp\/v2\/pages\/1383\/revisions\/15669"}],"wp:attachment":[{"href":"https:\/\/www.numov.de\/en\/wp-json\/wp\/v2\/media?parent=1383"}],"curies":[{"name":"wp","href":"https:\/\/api.w.org\/{rel}","templated":true}]}}